{"id":35744,"date":"2018-09-05T17:20:42","date_gmt":"2018-09-05T15:20:42","guid":{"rendered":"https:\/\/maisondupain.alsace\/?page_id=35744"},"modified":"2019-04-04T10:48:14","modified_gmt":"2019-04-04T08:48:14","slug":"museum","status":"publish","type":"page","link":"https:\/\/maisondupain.alsace\/de\/museum\/","title":{"rendered":"Museum"},"content":{"rendered":"<p>[et_pb_section bb_built=&#8220;1&#8243; fullwidth=&#8220;on&#8220; _builder_version=&#8220;3.9&#8243; next_background_color=&#8220;#000000&#8243;][et_pb_fullwidth_header title=&#8220;das museum&#8220; subhead=&#8220;Das Brot: Mehl, Wasser, Salz, Hefe und das K\u00f6nnen des B\u00e4ckers!&#8220; text_orientation=&#8220;center&#8220; header_scroll_down=&#8220;on&#8220; scroll_down_icon=&#8220;%%7%%&#8220; scroll_down_icon_color=&#8220;#fbcc3b&#8220; background_overlay_color=&#8220;rgba(0,0,0,0.4)&#8220; _builder_version=&#8220;3.15&#8243; title_font=&#8220;Bernierd||||||||&#8220; title_text_align=&#8220;center&#8220; title_text_color=&#8220;#ffffff&#8220; title_font_size=&#8220;80px&#8220; title_line_height=&#8220;1.2em&#8220; subhead_font=&#8220;Garamond||||||||&#8220; subhead_text_align=&#8220;center&#8220; subhead_text_color=&#8220;#ffffff&#8220; subhead_font_size=&#8220;30px&#8220; subhead_line_height=&#8220;1.2em&#8220; background_image=&#8220;https:\/\/maisondupain.alsace\/wp-content\/uploads\/2018\/07\/P1390627.jpg&#8220; custom_padding=&#8220;100px||150px|&#8220; custom_css_title=&#8220;font-family:&#8217;BERNIERDistressed-Regular&#8216;, Arial, sans-serif !important;&#8220; title_font_size_last_edited=&#8220;on|phone&#8220; title_font_size_phone=&#8220;60px&#8220; \/][\/et_pb_section][et_pb_section bb_built=&#8220;1&#8243; custom_padding_last_edited=&#8220;on|desktop&#8220; _builder_version=&#8220;3.9&#8243; background_image=&#8220;http:\/\/maisondupain.alsace\/wp-content\/uploads\/2018\/06\/filigranev4.png&#8220; parallax=&#8220;on&#8220; custom_padding=&#8220;0px||50px|&#8220; custom_padding_tablet=&#8220;0px||0px|&#8220; prev_background_color=&#8220;#ffffff&#8220;][et_pb_row use_custom_gutter=&#8220;on&#8220; gutter_width=&#8220;2&#8243; custom_padding=&#8220;30px|0px|0|0px|false|false&#8220; make_equal=&#8220;on&#8220; padding_top_1=&#8220;20px&#8220; padding_right_1=&#8220;20px&#8220; padding_bottom_1=&#8220;20px&#8220; padding_left_1=&#8220;20px&#8220; _builder_version=&#8220;3.8&#8243;][et_pb_column type=&#8220;1_2&#8243;][et_pb_text _builder_version=&#8220;3.13.1&#8243; text_font=&#8220;Garamond|600|||||||&#8220; text_text_color=&#8220;#333333&#8243; header_3_text_color=&#8220;#333333&#8243;]<\/p>\n<p>Es ist eine universelle, uralte Geschichte, die die Menschen seit jeher zusammenbringt. Von der ersten Weizen\u00e4hre bis zu den ersten Mehlsorten hat der Mensch Brot gegessen.<\/p>\n<p>Im alten <strong>\u201eHerd\u201c<\/strong> der <strong>B\u00e4ckersgesellschaft von 1522<\/strong> in S\u00e9lestat, Stadt der Kunst und der Geschichte, ist das \u201eMaison du Pain d\u2019Alsace\u201c ein Ort, wo die Geschichte des Brotes geh\u00fctet wird, wo die manuelle Arbeit der Menschen erz\u00e4hlt wird.<\/p>\n<p>Das Museum, <strong>2018 renoviert<\/strong>, zeigt Ihnen das unglaubliche Abenteuer des Brotes:<\/p>\n<ul>\n<li>Vom Getreide zum Brot, eine Einf\u00fchrung in die Landwirtschaft, vom Mahlen bis zum Brot.<\/li>\n<li>Die klassischen Sch\u00e4tze des Elsass: Kougelhopf, Brezel, L\u00e4mmele, Bredele&#8230;<\/li>\n<li>Das Brot: Erbe und Zeugnis einer reichen Vergangenheit.<\/li>\n<li>Das Mahlen: Ohne Mehl kein gutes Brot!<\/li>\n<li>Der B\u00e4cker von fr\u00fcher: K\u00f6nnen und Weitergabe.<\/li>\n<li>Der B\u00e4ckermeister und das Brot von heute.<\/li>\n<li>Der \u201eZunft\u201c-Saal: Die Geschichte eines einzigartigen Hauses aus dem Jahre 1522 und der B\u00e4ckergesellschaft.<\/li>\n<\/ul>\n<p>Alle Gegenst\u00e4nde der ausgestellten Kollektion im Museum sind das Ergebnis aus der Sammlung von Zeugnissen der Vergangenheit von den Mitgliedern der <strong>Association de la Maison du Pain d\u2019Alsace<\/strong>.<\/p>\n<p>[\/et_pb_text][et_pb_button _builder_version=&#8220;3.13.1&#8243; button_text=&#8220;Bereiten Sie Ihren Besuch vor&#8220; button_url=&#8220;\/de\/bereiten-sie-ihren-besuch-vor&#8220; button_alignment=&#8220;center&#8220; custom_button=&#8220;on&#8220; button_text_color=&#8220;#b24b17&#8243; custom_margin=&#8220;0px||0px|&#8220; custom_margin_tablet=&#8220;10px||10px|&#8220; custom_margin_last_edited=&#8220;on|desktop&#8220; custom_padding=&#8220;10px|20px|10px|20px&#8220; \/][\/et_pb_column][et_pb_column type=&#8220;1_2&#8243;][et_pb_image src=&#8220;http:\/\/maisondupain.alsace\/wp-content\/uploads\/2018\/07\/P1390627.jpg&#8220; align=&#8220;center&#8220; _builder_version=&#8220;3.9&#8243;]<\/p>\n<p>&nbsp;<\/p>\n<p>[\/et_pb_image][et_pb_text _builder_version=&#8220;3.13.1&#8243; text_font=&#8220;|600|||||||&#8220; text_text_color=&#8220;#b04f1c&#8220; header_2_font=&#8220;Bernierd|600|||||||&#8220; header_2_text_color=&#8220;#b04f1c&#8220; header_2_line_height=&#8220;1.2em&#8220; header_3_text_color=&#8220;#333333&#8243; background_color=&#8220;#f8ca3b&#8220; custom_padding=&#8220;20px|20px|20px|20px&#8220;]<\/p>\n<h2 class=\"title-heading-left\" data-fontsize=\"24\" data-lineheight=\"36\">das maison du pain d\u2019alsace in wenigen worten<\/h2>\n<p><b><em>Museum<\/em>\u00a0: die Geschichte des Brotes und des Weizen \u2013 durchschnittlich 13,000 Besucher pro Jahr<\/b><\/p>\n<p><b><em><strong>Verein<\/strong>\u00a0:\u00a0<\/em>80 Mitglieder \u2013 20 Freiwillige \u2013 8 Angestellte \u2013 2 Lehrlinge<\/b><\/p>\n<p><b><em>Backstube<\/em>\u00a0: els\u00e4ssische Spezialit\u00e4ten, spezielle Brote, Bredele,&#8230;<\/b><\/p>\n<p><b><em>Shop<\/em>\u00a0: Keramiken, Rezeptb\u00fccher,&#8230;<\/b><\/p>\n<p><strong><em>Partner<\/em>\u00a0: Ville de S\u00e9lestat, Communaut\u00e9 de Communes, Conseil d\u00e9partemental du Bas-Rhin, R\u00e9gion Grand est, F\u00e9d\u00e9ration du Bas-Rhin, F\u00e9d\u00e9ration de la boulangerie du Bas-Rhin, Cr\u00e9dit Agricole, Fonds Martel Catala, Levure Fala, Grands Moulins de Strasbourg.<\/strong><\/p>\n<p>[\/et_pb_text][\/et_pb_column][\/et_pb_row][et_pb_row use_custom_gutter=&#8220;on&#8220; gutter_width=&#8220;2&#8243; custom_padding=&#8220;0|0px|0|0px|false|false&#8220; custom_margin=&#8220;50px|||&#8220; make_equal=&#8220;on&#8220; padding_bottom_1=&#8220;0px&#8220; padding_1_tablet=&#8220;||30px|&#8220; padding_1_last_edited=&#8220;on|tablet&#8220; _builder_version=&#8220;3.9&#8243;][et_pb_column type=&#8220;1_2&#8243;][et_pb_image src=&#8220;http:\/\/maisondupain.alsace\/wp-content\/uploads\/2018\/07\/P1390632.jpg&#8220; align=&#8220;center&#8220; _builder_version=&#8220;3.9&#8243;]<\/p>\n<p>&nbsp;<\/p>\n<p>[\/et_pb_image][\/et_pb_column][et_pb_column type=&#8220;1_2&#8243;][et_pb_image src=&#8220;http:\/\/maisondupain.alsace\/wp-content\/uploads\/2018\/07\/P1390635.jpg&#8220; align=&#8220;center&#8220; _builder_version=&#8220;3.9&#8243; custom_margin=&#8220;0px|||&#8220; custom_margin_tablet=&#8220;30px|||&#8220; custom_margin_last_edited=&#8220;on|tablet&#8220; custom_css_main_element=&#8220;height: 388px;||overflow:hidden;&#8220;]<\/p>\n<p>&nbsp;<\/p>\n<p>[\/et_pb_image][\/et_pb_column][\/et_pb_row][\/et_pb_section]<\/p>\n","protected":false},"excerpt":{"rendered":"<p>Es ist eine universelle, uralte Geschichte, die die Menschen seit jeher zusammenbringt. Von der ersten Weizen\u00e4hre bis zu den ersten Mehlsorten hat der Mensch Brot gegessen. Im alten \u201eHerd\u201c der [&hellip;]<\/p>\n","protected":false},"author":1,"featured_media":0,"parent":0,"menu_order":0,"comment_status":"closed","ping_status":"closed","template":"","meta":{"_acf_changed":false,"_et_pb_use_builder":"on","_et_pb_old_content":"<p>[fullwidth background_color=\"\" background_image=\"\" background_parallax=\"none\" enable_mobile=\"no\" parallax_speed=\"0.3\" background_repeat=\"no-repeat\" background_position=\"left top\" video_url=\"\" video_aspect_ratio=\"16:9\" video_webm=\"\" video_mp4=\"\" video_ogv=\"\" video_preview_image=\"\" overlay_color=\"\" overlay_opacity=\"0.5\" video_mute=\"yes\" video_loop=\"yes\" fade=\"no\" border_size=\"0px\" border_color=\"\" border_style=\"\" padding_top=\"20\" padding_bottom=\"20\" padding_left=\"\" padding_right=\"\" hundred_percent=\"no\" equal_height_columns=\"no\" hide_on_mobile=\"no\" menu_anchor=\"\" class=\"\" id=\"\"][one_third last=\"no\" spacing=\"yes\" center_content=\"no\" hide_on_mobile=\"no\" background_color=\"\" background_image=\"\" background_repeat=\"no-repeat\" background_position=\"left top\" hover_type=\"none\" link=\"\" border_position=\"all\" border_size=\"0px\" border_color=\"\" border_style=\"\" padding=\"\" margin_top=\"\" margin_bottom=\"\" animation_type=\"\" animation_direction=\"\" animation_speed=\"0.1\" animation_offset=\"\" class=\"\" id=\"\"][button link=\"http:\/\/maisondupain.org\/infos-pratiques\/\" color=\"default\" size=\"xlarge\" stretch=\"yes\" type=\"flat\" shape=\"round\" target=\"_self\" title=\"Nos horaires et tarifs\" gradient_colors=\"|\" gradient_hover_colors=\"|\" accent_color=\"\" accent_hover_color=\"\" bevel_color=\"\" border_width=\"\" icon=\"\" icon_position=\"left\" icon_divider=\"no\" modal=\"\" animation_type=\"0\" animation_direction=\"left\" animation_speed=\"1\" animation_offset=\"\" alignment=\"center\" class=\"\" id=\"\"]Nos horaires et Tarifs[\/button][\/one_third][one_third last=\"no\" spacing=\"yes\" center_content=\"no\" hide_on_mobile=\"no\" background_color=\"\" background_image=\"\" background_repeat=\"no-repeat\" background_position=\"left top\" hover_type=\"none\" link=\"\" border_position=\"all\" border_size=\"0px\" border_color=\"\" border_style=\"\" padding=\"\" margin_top=\"\" margin_bottom=\"\" animation_type=\"\" animation_direction=\"\" animation_speed=\"0.1\" animation_offset=\"\" class=\"\" id=\"\"][button link=\"http:\/\/maisondupain.org\/events\/\" color=\"default\" size=\"xlarge\" stretch=\"yes\" type=\"flat\" shape=\"round\" target=\"_self\" title=\"Voir le programme\" gradient_colors=\"|\" gradient_hover_colors=\"|\" accent_color=\"\" accent_hover_color=\"\" bevel_color=\"\" border_width=\"\" icon=\"\" icon_position=\"left\" icon_divider=\"no\" modal=\"\" animation_type=\"0\" animation_direction=\"left\" animation_speed=\"1\" animation_offset=\"\" alignment=\"center\" class=\"\" id=\"\"]Voir le programme des Animations[\/button][\/one_third][one_third last=\"yes\" spacing=\"yes\" center_content=\"no\" hide_on_mobile=\"no\" background_color=\"\" background_image=\"\" background_repeat=\"no-repeat\" background_position=\"left top\" hover_type=\"none\" link=\"\" border_position=\"all\" border_size=\"0px\" border_color=\"\" border_style=\"\" padding=\"\" margin_top=\"\" margin_bottom=\"\" animation_type=\"\" animation_direction=\"\" animation_speed=\"0.1\" animation_offset=\"\" class=\"\" id=\"\"][button link=\"http:\/\/maisondupain.org\/fournil\/\" color=\"default\" size=\"xlarge\" stretch=\"yes\" type=\"flat\" shape=\"round\" target=\"_self\" title=\"Voir les pains du moment\" gradient_colors=\"|\" gradient_hover_colors=\"|\" accent_color=\"\" accent_hover_color=\"\" bevel_color=\"\" border_width=\"\" icon=\"\" icon_position=\"left\" icon_divider=\"no\" modal=\"\" animation_type=\"0\" animation_direction=\"left\" animation_speed=\"1\" animation_offset=\"\" alignment=\"\" class=\"\" id=\"\"]Voir les pains du moment[\/button][\/one_third][\/fullwidth][fullwidth background_color=\"\" background_image=\"\" background_parallax=\"none\" enable_mobile=\"no\" parallax_speed=\"0.3\" background_repeat=\"no-repeat\" background_position=\"left top\" video_url=\"\" video_aspect_ratio=\"16:9\" video_webm=\"\" video_mp4=\"\" video_ogv=\"\" video_preview_image=\"\" overlay_color=\"\" overlay_opacity=\"0.5\" video_mute=\"yes\" video_loop=\"yes\" fade=\"no\" border_size=\"0px\" border_color=\"\" border_style=\"\" padding_top=\"20\" padding_bottom=\"20\" padding_left=\"\" padding_right=\"\" hundred_percent=\"no\" equal_height_columns=\"no\" hide_on_mobile=\"no\" menu_anchor=\"\" class=\"\" id=\"\"][two_third last=\"no\" spacing=\"yes\" center_content=\"no\" hide_on_mobile=\"no\" background_color=\"\" background_image=\"\" background_repeat=\"no-repeat\" background_position=\"left top\" hover_type=\"none\" link=\"\" border_position=\"all\" border_size=\"0px\" border_color=\"\" border_style=\"solid\" padding=\"\" margin_top=\"\" margin_bottom=\"\" animation_type=\"0\" animation_direction=\"down\" animation_speed=\"0.1\" animation_offset=\"\" class=\"\" id=\"\"][fusion_text]<\/p><h3>Am\u00e9nag\u00e9e dans\u00a0 l\u2019ancien \" Po\u00eale\" de la corporation des boulangers de 1522, sertie dans un \u00e9crin de monuments historiques prestigieux, la Maison du Pain est\u00a0un mus\u00e9e et un fournil reliant le pass\u00e9 au pr\u00e9sent et \u00e0 l'avenir et contant l'Histoire du Pain.<\/h3><h3>Le pain est le premier aliment \u00e9labor\u00e9 que l'homme ait imagin\u00e9, apr\u00e8s avoir\u00a0 v\u00e9cu de cueillettes pendant d'innombrables g\u00e9n\u00e9rations. De l\u2019Egypte ancienne \u00e0 nos jours, le pain, v\u00e9ritable trait d\u2019union, a toujours\u00a0 eu une place de choix sur nos tables.<\/h3><h3>Un espace mus\u00e9ographique pr\u00e9sente de fa\u00e7on didactique l'histoire du pain et du bl\u00e9 dans nos r\u00e9gions et dans le monde, les techniques de fabrication et de cuisson, les objets, machines... introduction \u00e0 la boulangerie d'aujourd'hui. <a href=\"http:\/\/maisondupain.org\/preparer-sa-visite\/\">Pr\u00e9parer votre visite ici<\/a> !<\/h3><p><em>Pour information : Une nouvelle mus\u00e9ographie sera mise en place lors du premier semestre 2018.\u00a0 Seul le fournil sera accessible \u00e0 cette p\u00e9riode-l\u00e0 !<\/em><\/p><p><img class=\"alignnone wp-image-8615 size-medium\" title=\"Maison-Du-Pain-Alsace-Selestat-Mus\u00e9e-Histoire\" src=\"http:\/\/maisondupain.alsace\/wp-content\/uploads\/2016\/08\/Maison-Du-Pain-Sortir-en-Alsace-Histoire-Mus\u00e9e-Selestat-2-300x196.jpg\" alt=\"\" width=\"300\" height=\"196\" \/><\/p><p>\u00a0<\/p><p><em>\u00a0Zunft 1522 - salle des corporations<\/em>[\/fusion_text][\/two_third][one_third last=\"yes\" spacing=\"yes\" center_content=\"no\" hide_on_mobile=\"no\" background_color=\"#ffd401\" background_image=\"\" background_repeat=\"no-repeat\" background_position=\"left top\" hover_type=\"none\" link=\"\" border_position=\"all\" border_size=\"0px\" border_color=\"\" border_style=\"solid\" padding=\"20px\" margin_top=\"\" margin_bottom=\"\" animation_type=\"0\" animation_direction=\"down\" animation_speed=\"0.1\" animation_offset=\"\" class=\"info_tarif_box\" id=\"\"][title size=\"2\" content_align=\"left\" style_type=\"default\" sep_color=\"\" margin_top=\"\" margin_bottom=\"\" class=\"\" id=\"\"]La Maison du Pain en quelques mots[\/title][fusion_text]<b><em>Un Mus\u00e9e<\/em> : l\u2019Histoire du Pain et du bl\u00e9 \u00a013 000 visiteurs en moyenne par an<\/b><\/p><p><b><em><strong>Une Association<\/strong> : <\/em>80 membres\u201420 b\u00e9n\u00e9voles-8 salari\u00e9s\u20142 apprentis<\/b><\/p><p><b><em>Un Fournil<\/em> : des sp\u00e9cialit\u00e9s alsaciennes, des pains sp\u00e9ciaux, des bredle..<\/b><\/p><p><b><em>Une Boutique<\/em> : des poteries, des livres de recettes\u2026<\/b>[\/fusion_text][fusion_text]<strong><em>Nos partenaires<\/em> : la Ville de S\u00e9lestat, la f\u00e9d\u00e9ration de la boulangerie, les Grands Moulins de Strasbourg, les levures Fala, S\u00e9lestat Haut Koenigsbourg Tourisme, le Cr\u00e9dit Agricole.<\/strong><\/p><p>[\/fusion_text][\/one_third][\/fullwidth][one_full last=\"yes\" spacing=\"yes\" center_content=\"no\" hide_on_mobile=\"no\" background_color=\"\" background_image=\"\" background_repeat=\"no-repeat\" background_position=\"left top\" hover_type=\"none\" link=\"\" border_position=\"all\" border_size=\"0px\" border_color=\"\" border_style=\"solid\" padding=\"\" margin_top=\"\" margin_bottom=\"\" animation_type=\"0\" animation_direction=\"down\" animation_speed=\"0.1\" animation_offset=\"\" class=\"\" id=\"\"][fusion_text]<\/p><h3>- Essentiel, l\u2019aspect historique replace le pain dans le temps\u00a0en faisant d\u00e9couvrir l\u2019\u00e9volution de sa fabrication et de sa consommation au fil des si\u00e8cles. Pour autant, cette approche\u00a0n\u2019est pas fig\u00e9e et se projette dans le pr\u00e9sent avec le fournil et\u00a0la boutique en activit\u00e9, exemples explicites de tout ce que le<br \/>visiteur apprend au cours de sa visite.<\/h3><h3>- L\u2019aspect culturel et \u00e9ducatif, quant \u00e0 lui, se veut p\u00e9dagogique.\u00a0Appuy\u00e9 par l\u2019atelier vivant que constitue la pr\u00e9sence du fournil\u00a0au sein de la Maison, il fait d\u00e9couvrir le m\u00e9tier d\u2019artisan boulanger\u00a0mais aussi tout ce qu\u2019il sous-tend telles les c\u00e9r\u00e9ales\u00a0panifiables, les outils ou les contenants de celles-ci comme\u00a0de ses r\u00e9alisations (sacs de farine, balances, moules, etc.) ;\u00a0parall\u00e8lement, il d\u00e9veloppe, via des pr\u00e9sentations imag\u00e9es et\u00a0des expositions tournantes, l\u2019apprentissage et la connaissance\u00a0de la panification en particulier en direction des scolaires.<\/h3><h3>- L\u2019aspect promotionnel s\u2019attache \u00e0 mettre en avant \u00e0 la fois la\u00a0sp\u00e9cificit\u00e9 et l\u2019originalit\u00e9 de la Maison du Pain, ouverte \u00e0 tous\u00a0et pour tous, histoire de rappeler \u00e0 tout un chacun l\u2019aspect\u00a0vital plan\u00e9taire du pain au travers de son bon go\u00fbt fleurant\u00a0l\u2019authenticit\u00e9.<\/h3><p>[gallery size=\"large\" type=\"slideshow\" ids=\"8617,8619,8621,8623\"]<\/p><p>[\/fusion_text][\/one_full]<\/p>","_et_gb_content_width":"","footnotes":""},"class_list":["post-35744","page","type-page","status-publish","hentry"],"acf":[],"yoast_head":"<!-- This site is optimized with the Yoast SEO plugin v25.6 - https:\/\/yoast.com\/wordpress\/plugins\/seo\/ -->\n<title>Museum - Maison du Pain d&#039;Alsace<\/title>\n<meta name=\"robots\" content=\"index, follow, max-snippet:-1, max-image-preview:large, max-video-preview:-1\" \/>\n<link rel=\"canonical\" href=\"https:\/\/maisondupain.alsace\/musee\/\" \/>\n<meta property=\"og:locale\" content=\"de_DE\" \/>\n<meta property=\"og:type\" content=\"article\" \/>\n<meta property=\"og:title\" content=\"Museum - Maison du Pain d&#039;Alsace\" \/>\n<meta property=\"og:description\" content=\"Es ist eine universelle, uralte Geschichte, die die Menschen seit jeher zusammenbringt. Von der ersten Weizen\u00e4hre bis zu den ersten Mehlsorten hat der Mensch Brot gegessen. Im alten \u201eHerd\u201c der [&hellip;]\" \/>\n<meta property=\"og:url\" content=\"https:\/\/maisondupain.alsace\/musee\/\" \/>\n<meta property=\"og:site_name\" content=\"Maison du Pain d&#039;Alsace\" \/>\n<meta property=\"article:modified_time\" content=\"2019-04-04T08:48:14+00:00\" \/>\n<meta name=\"twitter:card\" content=\"summary_large_image\" \/>\n<meta name=\"twitter:label1\" content=\"Gesch\u00e4tzte Lesezeit\" \/>\n\t<meta name=\"twitter:data1\" content=\"4\u00a0Minuten\" \/>\n<script type=\"application\/ld+json\" class=\"yoast-schema-graph\">{\"@context\":\"https:\/\/schema.org\",\"@graph\":[{\"@type\":\"WebPage\",\"@id\":\"https:\/\/maisondupain.alsace\/musee\/\",\"url\":\"https:\/\/maisondupain.alsace\/musee\/\",\"name\":\"Museum - Maison du Pain d&#039;Alsace\",\"isPartOf\":{\"@id\":\"https:\/\/maisondupain.alsace\/#website\"},\"datePublished\":\"2018-09-05T15:20:42+00:00\",\"dateModified\":\"2019-04-04T08:48:14+00:00\",\"breadcrumb\":{\"@id\":\"https:\/\/maisondupain.alsace\/musee\/#breadcrumb\"},\"inLanguage\":\"de\",\"potentialAction\":[{\"@type\":\"ReadAction\",\"target\":[\"https:\/\/maisondupain.alsace\/musee\/\"]}]},{\"@type\":\"BreadcrumbList\",\"@id\":\"https:\/\/maisondupain.alsace\/musee\/#breadcrumb\",\"itemListElement\":[{\"@type\":\"ListItem\",\"position\":1,\"name\":\"Accueil\",\"item\":\"https:\/\/maisondupain.alsace\/de\/\"},{\"@type\":\"ListItem\",\"position\":2,\"name\":\"Museum\"}]},{\"@type\":\"WebSite\",\"@id\":\"https:\/\/maisondupain.alsace\/#website\",\"url\":\"https:\/\/maisondupain.alsace\/\",\"name\":\"Maison du Pain d&#039;Alsace\",\"description\":\"Mus\u00e9e et Fournil \u00e0 S\u00e9lestat, au centre de l&#039;Alsace\",\"potentialAction\":[{\"@type\":\"SearchAction\",\"target\":{\"@type\":\"EntryPoint\",\"urlTemplate\":\"https:\/\/maisondupain.alsace\/?s={search_term_string}\"},\"query-input\":{\"@type\":\"PropertyValueSpecification\",\"valueRequired\":true,\"valueName\":\"search_term_string\"}}],\"inLanguage\":\"de\"}]}<\/script>\n<!-- \/ Yoast SEO plugin. -->","yoast_head_json":{"title":"Museum - Maison du Pain d&#039;Alsace","robots":{"index":"index","follow":"follow","max-snippet":"max-snippet:-1","max-image-preview":"max-image-preview:large","max-video-preview":"max-video-preview:-1"},"canonical":"https:\/\/maisondupain.alsace\/musee\/","og_locale":"de_DE","og_type":"article","og_title":"Museum - Maison du Pain d&#039;Alsace","og_description":"Es ist eine universelle, uralte Geschichte, die die Menschen seit jeher zusammenbringt. Von der ersten Weizen\u00e4hre bis zu den ersten Mehlsorten hat der Mensch Brot gegessen. Im alten \u201eHerd\u201c der [&hellip;]","og_url":"https:\/\/maisondupain.alsace\/musee\/","og_site_name":"Maison du Pain d&#039;Alsace","article_modified_time":"2019-04-04T08:48:14+00:00","twitter_card":"summary_large_image","twitter_misc":{"Gesch\u00e4tzte Lesezeit":"4\u00a0Minuten"},"schema":{"@context":"https:\/\/schema.org","@graph":[{"@type":"WebPage","@id":"https:\/\/maisondupain.alsace\/musee\/","url":"https:\/\/maisondupain.alsace\/musee\/","name":"Museum - Maison du Pain d&#039;Alsace","isPartOf":{"@id":"https:\/\/maisondupain.alsace\/#website"},"datePublished":"2018-09-05T15:20:42+00:00","dateModified":"2019-04-04T08:48:14+00:00","breadcrumb":{"@id":"https:\/\/maisondupain.alsace\/musee\/#breadcrumb"},"inLanguage":"de","potentialAction":[{"@type":"ReadAction","target":["https:\/\/maisondupain.alsace\/musee\/"]}]},{"@type":"BreadcrumbList","@id":"https:\/\/maisondupain.alsace\/musee\/#breadcrumb","itemListElement":[{"@type":"ListItem","position":1,"name":"Accueil","item":"https:\/\/maisondupain.alsace\/de\/"},{"@type":"ListItem","position":2,"name":"Museum"}]},{"@type":"WebSite","@id":"https:\/\/maisondupain.alsace\/#website","url":"https:\/\/maisondupain.alsace\/","name":"Maison du Pain d&#039;Alsace","description":"Mus\u00e9e et Fournil \u00e0 S\u00e9lestat, au centre de l&#039;Alsace","potentialAction":[{"@type":"SearchAction","target":{"@type":"EntryPoint","urlTemplate":"https:\/\/maisondupain.alsace\/?s={search_term_string}"},"query-input":{"@type":"PropertyValueSpecification","valueRequired":true,"valueName":"search_term_string"}}],"inLanguage":"de"}]}},"jetpack_shortlink":"https:\/\/wp.me\/P9V72B-9iw","jetpack_sharing_enabled":true,"_links":{"self":[{"href":"https:\/\/maisondupain.alsace\/de\/wp-json\/wp\/v2\/pages\/35744","targetHints":{"allow":["GET"]}}],"collection":[{"href":"https:\/\/maisondupain.alsace\/de\/wp-json\/wp\/v2\/pages"}],"about":[{"href":"https:\/\/maisondupain.alsace\/de\/wp-json\/wp\/v2\/types\/page"}],"author":[{"embeddable":true,"href":"https:\/\/maisondupain.alsace\/de\/wp-json\/wp\/v2\/users\/1"}],"replies":[{"embeddable":true,"href":"https:\/\/maisondupain.alsace\/de\/wp-json\/wp\/v2\/comments?post=35744"}],"version-history":[{"count":0,"href":"https:\/\/maisondupain.alsace\/de\/wp-json\/wp\/v2\/pages\/35744\/revisions"}],"wp:attachment":[{"href":"https:\/\/maisondupain.alsace\/de\/wp-json\/wp\/v2\/media?parent=35744"}],"curies":[{"name":"wp","href":"https:\/\/api.w.org\/{rel}","templated":true}]}}