{"id":35758,"date":"2018-09-05T18:38:16","date_gmt":"2018-09-05T16:38:16","guid":{"rendered":"https:\/\/maisondupain.alsace\/?page_id=35758"},"modified":"2026-02-11T15:54:16","modified_gmt":"2026-02-11T14:54:16","slug":"kontakt","status":"publish","type":"page","link":"https:\/\/maisondupain.alsace\/de\/kontakt\/","title":{"rendered":"Kontakt"},"content":{"rendered":"<p>[et_pb_section fb_built=&#8220;1&#8243; fullwidth=&#8220;on&#8220; _builder_version=&#8220;4.16&#8243; global_colors_info=&#8220;{}&#8220;][et_pb_fullwidth_header title=&#8220;kontakt&#8220; subhead=&#8220;Alle Infos, um uns zu kontaktieren und zu besuchen!&#8220; text_orientation=&#8220;center&#8220; header_scroll_down=&#8220;on&#8220; scroll_down_icon=&#8220;%%7%%&#8220; scroll_down_icon_color=&#8220;#fbcc3b&#8220; _builder_version=&#8220;4.16&#8243; title_font=&#8220;Bernierd||||||||&#8220; title_text_align=&#8220;center&#8220; title_text_color=&#8220;#ffffff&#8220; title_font_size=&#8220;80px&#8220; title_line_height=&#8220;1.2em&#8220; subhead_font=&#8220;Garamond||||||||&#8220; subhead_text_align=&#8220;center&#8220; subhead_text_color=&#8220;#ffffff&#8220; subhead_font_size=&#8220;30px&#8220; subhead_line_height=&#8220;1.2em&#8220; background_image=&#8220;https:\/\/maisondupain.alsace\/wp-content\/uploads\/2018\/05\/Maison-Du-Pain-Alsace-Selestat-Boulangerie-Mus\u00e9e-Animation-7.jpg&#8220; custom_padding=&#8220;100px||150px|&#8220; title_font_size_tablet=&#8220;&#8220; title_font_size_phone=&#8220;60px&#8220; title_font_size_last_edited=&#8220;on|phone&#8220; custom_css_title=&#8220;font-family:&#8217;BERNIERDistressed-Regular&#8216;, Arial, sans-serif !important;&#8220; global_colors_info=&#8220;{}&#8220; button_one_text_size__hover_enabled=&#8220;off&#8220; button_two_text_size__hover_enabled=&#8220;off&#8220; button_one_text_color__hover_enabled=&#8220;off&#8220; button_two_text_color__hover_enabled=&#8220;off&#8220; button_one_border_width__hover_enabled=&#8220;off&#8220; button_two_border_width__hover_enabled=&#8220;off&#8220; button_one_border_color__hover_enabled=&#8220;off&#8220; button_two_border_color__hover_enabled=&#8220;off&#8220; button_one_border_radius__hover_enabled=&#8220;off&#8220; button_two_border_radius__hover_enabled=&#8220;off&#8220; button_one_letter_spacing__hover_enabled=&#8220;off&#8220; button_two_letter_spacing__hover_enabled=&#8220;off&#8220; button_one_bg_color__hover_enabled=&#8220;off&#8220; button_two_bg_color__hover_enabled=&#8220;off&#8220;][\/et_pb_fullwidth_header][\/et_pb_section][et_pb_section fb_built=&#8220;1&#8243; _builder_version=&#8220;4.16&#8243; background_image=&#8220;https:\/\/maisondupain.alsace\/wp-content\/uploads\/2018\/06\/filigranev4.png&#8220; parallax=&#8220;on&#8220; custom_padding=&#8220;50px||50px|&#8220; global_colors_info=&#8220;{}&#8220;][et_pb_row column_structure=&#8220;1_3,2_3&#8243; use_custom_gutter=&#8220;on&#8220; gutter_width=&#8220;2&#8243; make_equal=&#8220;on&#8220; _builder_version=&#8220;4.16&#8243; global_colors_info=&#8220;{}&#8220;][et_pb_column type=&#8220;1_3&#8243; _builder_version=&#8220;4.16&#8243; custom_padding=&#8220;|||&#8220; global_colors_info=&#8220;{}&#8220; custom_padding__hover=&#8220;|||&#8220;][et_pb_text admin_label=&#8220;Coordon\u00e9es&#8220; _builder_version=&#8220;4.16&#8243; text_font=&#8220;Garamond|600|||||||&#8220; text_text_color=&#8220;#333333&#8243; header_2_font=&#8220;GT America|600||on|||||&#8220; header_2_text_color=&#8220;#b24b17&#8243; header_2_font_size=&#8220;34px&#8220; header_2_line_height=&#8220;1.2em&#8220; header_3_text_color=&#8220;#333333&#8243; global_colors_info=&#8220;{}&#8220;]<img loading=\"lazy\" decoding=\"async\" class=\"size-full wp-image-28852 alignnone\" src=\"https:\/\/maisondupain.alsace\/wp-content\/uploads\/2018\/05\/logo-taillemax.png\" alt=\"\" width=\"247\" height=\"179\" \/><\/p>\n<h2>Kontakt<\/h2>\n<p>7 rue du sel, 67600 S\u00c9LESTAT<\/p>\n<p>T\u00e9l : +33 (0)3 88 58 45 90<\/p>\n<p>Fax : +33 (0)3 88 58 45 95<\/p>\n<p><a href=\"mailto:contact@maisondupain.org\">contact@maisondupain.org<\/a><br \/>\n[\/et_pb_text][\/et_pb_column][et_pb_column type=&#8220;2_3&#8243; _builder_version=&#8220;4.16&#8243; custom_padding=&#8220;|||&#8220; global_colors_info=&#8220;{}&#8220; custom_padding__hover=&#8220;|||&#8220;][et_pb_text admin_label=&#8220;Horaires&#8220; module_id=&#8220;Horaires&#8220; _builder_version=&#8220;4.27.4&#8243; text_text_color=&#8220;#b24b17&#8243; text_line_height=&#8220;1em&#8220; header_2_font=&#8220;GT America|600||on|||||&#8220; header_2_text_color=&#8220;#b24b17&#8243; header_2_font_size=&#8220;34px&#8220; header_2_line_height=&#8220;1.2em&#8220; header_3_font=&#8220;GT America|600||on|||||&#8220; header_3_text_color=&#8220;#b24b17&#8243; header_3_font_size=&#8220;24px&#8220; header_3_line_height=&#8220;1.2em&#8220; vertical_offset_tablet=&#8220;0&#8243; horizontal_offset_tablet=&#8220;0&#8243; custom_padding=&#8220;||20px|&#8220; hover_enabled=&#8220;0&#8243; z_index_tablet=&#8220;0&#8243; text_text_shadow_horizontal_length_tablet=&#8220;0px&#8220; text_text_shadow_vertical_length_tablet=&#8220;0px&#8220; text_text_shadow_blur_strength_tablet=&#8220;1px&#8220; link_text_shadow_horizontal_length_tablet=&#8220;0px&#8220; link_text_shadow_vertical_length_tablet=&#8220;0px&#8220; link_text_shadow_blur_strength_tablet=&#8220;1px&#8220; ul_text_shadow_horizontal_length_tablet=&#8220;0px&#8220; ul_text_shadow_vertical_length_tablet=&#8220;0px&#8220; ul_text_shadow_blur_strength_tablet=&#8220;1px&#8220; ol_text_shadow_horizontal_length_tablet=&#8220;0px&#8220; ol_text_shadow_vertical_length_tablet=&#8220;0px&#8220; ol_text_shadow_blur_strength_tablet=&#8220;1px&#8220; quote_text_shadow_horizontal_length_tablet=&#8220;0px&#8220; quote_text_shadow_vertical_length_tablet=&#8220;0px&#8220; quote_text_shadow_blur_strength_tablet=&#8220;1px&#8220; header_text_shadow_horizontal_length_tablet=&#8220;0px&#8220; header_text_shadow_vertical_length_tablet=&#8220;0px&#8220; header_text_shadow_blur_strength_tablet=&#8220;1px&#8220; header_2_text_shadow_horizontal_length_tablet=&#8220;0px&#8220; header_2_text_shadow_vertical_length_tablet=&#8220;0px&#8220; header_2_text_shadow_blur_strength_tablet=&#8220;1px&#8220; header_3_text_shadow_horizontal_length_tablet=&#8220;0px&#8220; header_3_text_shadow_vertical_length_tablet=&#8220;0px&#8220; header_3_text_shadow_blur_strength_tablet=&#8220;1px&#8220; header_4_text_shadow_horizontal_length_tablet=&#8220;0px&#8220; header_4_text_shadow_vertical_length_tablet=&#8220;0px&#8220; header_4_text_shadow_blur_strength_tablet=&#8220;1px&#8220; header_5_text_shadow_horizontal_length_tablet=&#8220;0px&#8220; header_5_text_shadow_vertical_length_tablet=&#8220;0px&#8220; header_5_text_shadow_blur_strength_tablet=&#8220;1px&#8220; header_6_text_shadow_horizontal_length_tablet=&#8220;0px&#8220; header_6_text_shadow_vertical_length_tablet=&#8220;0px&#8220; header_6_text_shadow_blur_strength_tablet=&#8220;1px&#8220; box_shadow_horizontal_tablet=&#8220;0px&#8220; box_shadow_vertical_tablet=&#8220;0px&#8220; box_shadow_blur_tablet=&#8220;40px&#8220; box_shadow_spread_tablet=&#8220;0px&#8220; inline_fonts=&#8220;Garamond,GT America&#8220; global_colors_info=&#8220;{}&#8220; sticky_enabled=&#8220;0&#8243;]<\/p>\n<h3 style=\"text-align: left;\"><span style=\"font-family: inherit; font-weight: normal; font-size: x-large;\"><strong>\u00d6ffnungszeiten 2026<\/strong><\/span><\/h3>\n<p><span style=\"font-family: inherit; font-weight: normal; font-size: medium;\"> <span style=\"font-size: 12pt;\">___<\/span><\/span><span style=\"font-family: inherit; font-weight: normal; font-size: medium;\"><span style=\"font-size: 12pt;\">_____________________________________<\/span><\/span><\/p>\n<p><span style=\"font-size: large;\"><strong><span style=\"font-family: Garamond;\">Vom 2 Januar bis 26 April und vom 22 September bis 22 November<\/span><\/strong><\/span><\/p>\n<p><span style=\"color: #b2623a;\">Dienstag bis Samstag von <span style=\"text-decoration: underline;\">9 bis 18 Uhr,<\/span> Sonntag von <span style=\"text-decoration: underline;\">9:00 bis 12:30 Uhr<\/span> und von <span style=\"text-decoration: underline;\">14 bis 18 Uhr<\/span><\/span><\/p>\n<p><span style=\"color: #b2623a;\">Kafreitag und Ostersonntag von 9:00 bis 12:30 Uhr und von 14:00 bis 18:00 Uhr<\/span><\/p>\n<p><span style=\"color: #b2623a;\">Ostersamstag von 9:00 bis 18:00 Uhr<\/span><\/p>\n<p><span style=\"font-size: 12pt;\"><span style=\"font-family: inherit; font-weight: normal; font-size: medium;\">________________________________________<\/span><\/span><\/p>\n<p><span style=\"font-size: 12pt;\"><span style=\"font-family: inherit; font-weight: normal; font-size: medium;\"><span style=\"font-size: large;\"><strong><span style=\"font-family: Garamond;\">Vom 28. April bis 20. September<\/span><\/strong><\/span><\/span><\/span><\/p>\n<p><span style=\"color: #b2623a;\">Dienstag bis Sonntag von <span style=\"text-decoration: underline;\">9 bis 18 Uhr<\/span><\/span><\/p>\n<p><span style=\"color: #b2623a;\"><span style=\"text-decoration: underline;\">23. Mai von 9:00 bis 23:00 Uhr<\/span><\/span><\/p>\n<p><span style=\"color: #b2623a;\"><span style=\"text-decoration: underline;\">21. Juni von 9:00 bis 23:00 Uhr<\/span><\/span><\/p>\n<p><span style=\"font-size: 12pt;\">________________________________<\/span><\/p>\n<p><span style=\"font-size: 12pt;\"><span style=\"font-family: inherit; font-weight: normal; font-size: medium;\"><span style=\"font-size: large;\"><strong><span style=\"font-family: Garamond;\">Weihnachtsb\u00e4ckerei<\/span><\/strong><\/span><\/span><\/span><\/p>\n<p><span style=\"color: #b2623a;\">Vom Dienstag, 24. November, bis zum 31. Dezember<\/span><\/p>\n<p><span style=\"color: #b2623a;\">T\u00e4glich von <span style=\"text-decoration: underline;\">9 bis 18 Uhr<\/span> (diestags und freitags bis <span style=\"text-decoration: underline;\">18:30 Uhr<\/span>)<\/span><\/p>\n<p><span style=\"color: #b2623a;\">Den 24. Dezember ge\u00f6ffnet von 08:00 Uhr bis 14 Uhr<\/span><\/p>\n<p><span style=\"color: #b2623a;\">Den 31. Dezember ge\u00f6ffnet von 09:00 Uhr bis 14 Uhr<\/span><\/p>\n<p><span style=\"font-size: 12pt;\">________________________________<\/span><\/p>\n<p><span style=\"font-size: 12pt;\"><span style=\"font-family: inherit; font-weight: normal; font-size: medium;\"><span style=\"font-size: large;\"><strong><span style=\"font-family: Garamond;\">Ausnahmsweise geschlossen<\/span><\/strong><\/span><\/span><\/span><\/p>\n<p><span style=\"color: #b2623a;\">Vom 12. Januar bis zum 2. Februar einschlie\u00dflich.<\/span><\/p>\n<p><span style=\"color: #b2623a;\">Geschlossen : 1. Januar, 1. Mai, 1. November, 25. und 26. Dezember\u00a0<\/span><\/p>\n<p>[\/et_pb_text][et_pb_text disabled_on=&#8220;on|on|on&#8220; admin_label=&#8220;Horaires&#8220; _builder_version=&#8220;4.16&#8243; text_font=&#8220;Garamond|600|||||||&#8220; text_text_color=&#8220;#333333&#8243; header_2_font=&#8220;GT America|600||on|||||&#8220; header_2_text_align=&#8220;left&#8220; header_2_text_color=&#8220;#b24b17&#8243; header_2_font_size=&#8220;34px&#8220; header_2_line_height=&#8220;1.2em&#8220; header_3_text_color=&#8220;#333333&#8243; disabled=&#8220;on&#8220; global_colors_info=&#8220;{}&#8220;]<\/p>\n<h2>\u00d6ffnungszeiten<\/h2>\n<p><em><span class=\"italic garamond\">Oktober bis November \u2013 J\u00e4nner bis April<\/span><\/em><br \/> <strong><span class=\"america\">Dienstag bis Samstag von 9h bis 12h30 und von 14h bis 18h<\/span><\/strong><br \/> <strong><span class=\"america\">Sonntag von 9h bis 12h30 und von 14h bis 17h30<\/span><\/strong><\/p>\n<p><em><span class=\"italic garamond\">Dezember<\/span><\/em><br \/> <strong><span class=\"america\">Jeden Tag von 9 bis 18 Uhr &#8211; dienstags und freitags bis 18:30 Uhr<\/span><\/strong><br \/> <strong><span class=\"america\">Ge\u00f6ffnet am 24 und 31\/12 von 9 bis 14 Uhr<\/span><\/strong><\/p>\n<p><em><span class=\"italic garamond\">vom 13 januar bis am 4 februar, den ersten januar, may und November, 25 und 26\/12 geschlossen<\/span><\/em><\/p>\n<p>[\/et_pb_text][\/et_pb_column][\/et_pb_row][\/et_pb_section][et_pb_section fb_built=&#8220;1&#8243; fullwidth=&#8220;on&#8220; _builder_version=&#8220;4.16&#8243; global_colors_info=&#8220;{}&#8220;][et_pb_fullwidth_map address=&#8220;Rue du Sel, 67600 S\u00e9lestat, France&#8220; address_lat=&#8220;48.25996745852553&#8243; address_lng=&#8220;7.455768433204639&#8243; mouse_wheel=&#8220;off&#8220; _builder_version=&#8220;4.16&#8243; global_colors_info=&#8220;{}&#8220;][et_pb_map_pin title=&#8220;Maison du Pain d&#8217;Alsace&#8220; pin_address=&#8220;7 Rue du Sel, 67600 S\u00e9lestat, France&#8220; pin_address_lat=&#8220;48.25993174479981&#8243; pin_address_lng=&#8220;7.455671873680103&#8243; _builder_version=&#8220;3.8&#8243; global_colors_info=&#8220;{}&#8220;][\/et_pb_map_pin][\/et_pb_fullwidth_map][\/et_pb_section]<\/p>\n","protected":false},"excerpt":{"rendered":"<p>Kontakt 7 rue du sel, 67600 S\u00c9LESTAT T\u00e9l : +33 (0)3 88 58 45 90 Fax : +33 (0)3 88 58 45 95 contact@maisondupain.org \u00d6ffnungszeiten 2026 ________________________________________ Vom 2 Januar [&hellip;]<\/p>\n","protected":false},"author":1,"featured_media":0,"parent":0,"menu_order":0,"comment_status":"closed","ping_status":"closed","template":"","meta":{"_acf_changed":false,"_et_pb_use_builder":"on","_et_pb_old_content":"<p>[fullwidth background_color=\"\" background_image=\"\" background_parallax=\"none\" enable_mobile=\"no\" parallax_speed=\"0.3\" background_repeat=\"no-repeat\" background_position=\"left top\" video_url=\"\" video_aspect_ratio=\"16:9\" video_webm=\"\" video_mp4=\"\" video_ogv=\"\" video_preview_image=\"\" overlay_color=\"\" overlay_opacity=\"0.5\" video_mute=\"yes\" video_loop=\"yes\" fade=\"no\" border_size=\"0px\" border_color=\"\" border_style=\"\" padding_top=\"20\" padding_bottom=\"20\" padding_left=\"\" padding_right=\"\" hundred_percent=\"no\" equal_height_columns=\"no\" hide_on_mobile=\"no\" menu_anchor=\"\" class=\"\" id=\"\"][one_half last=\"no\" spacing=\"yes\" center_content=\"no\" hide_on_mobile=\"no\" background_color=\"\" background_image=\"\" background_repeat=\"no-repeat\" background_position=\"left top\" hover_type=\"none\" link=\"\" border_position=\"all\" border_size=\"0px\" border_color=\"\" border_style=\"\" padding=\"\" margin_top=\"\" margin_bottom=\"\" animation_type=\"\" animation_direction=\"\" animation_speed=\"0.1\" animation_offset=\"\" class=\"\" id=\"\"][fusion_text]<\/p><div class=\"coordonnee_contact\"><h2>\u00a0Contact<\/h2><p><strong>La Maison du Pain d'Alsace<\/strong><\/p><p class=\"adresse_contact\">rue du sel<br \/>67600 SELESTAT<\/p><p class=\"tel_contact\">Tel : + 33 (0)3 88 58 45 90<\/p><p class=\"fax_contact\">Fax : + 33 (0)3 88 58 45 95<\/p><p class=\"mail_contact\"><a href=\"mailto:contact@maisondupain.org\">contact@maisondupain.org<\/a><\/p><\/div><p>[\/fusion_text][\/one_half][one_half last=\"yes\" spacing=\"yes\" center_content=\"no\" hide_on_mobile=\"no\" background_color=\"\" background_image=\"\" background_repeat=\"no-repeat\" background_position=\"left top\" hover_type=\"none\" link=\"\" border_position=\"all\" border_size=\"0px\" border_color=\"\" border_style=\"\" padding=\"\" margin_top=\"\" margin_bottom=\"\" animation_type=\"\" animation_direction=\"\" animation_speed=\"0.1\" animation_offset=\"\" class=\"\" id=\"\"][fusion_text][contact-form-7 id=\"156\" title=\"Formulaire de contact 1\"]<\/p><p>Les informations recueillies sur ce formulaire sont enregistr\u00e9es dans un fichier informatis\u00e9 par la Maison du Pain d'Alsace uniquement dans le but de vous recontacter.<\/p><p><span style=\"font-size: 10pt;\"> Elles sont conserv\u00e9es jusqu'\u00e0 fin d'autorisation \u00e9crite de chaque personne et sont destin\u00e9es uniquement \u00e0 la Maison du Pain d'Alsace.<\/span><br \/><span style=\"font-size: 10pt;\"> Conform\u00e9ment \u00e0 la loi \u00ab informatique et libert\u00e9s \u00bb, vous pouvez exercer votre droit d'acc\u00e8s aux donn\u00e9es vous concernant et les faire rectifier en contactant : contact@maisondupain.org<\/span>[\/fusion_text][\/one_half][\/fullwidth][fullwidth background_color=\"\" background_image=\"\" background_parallax=\"none\" enable_mobile=\"no\" parallax_speed=\"0.3\" background_repeat=\"no-repeat\" background_position=\"left top\" video_url=\"\" video_aspect_ratio=\"16:9\" video_webm=\"\" video_mp4=\"\" video_ogv=\"\" video_preview_image=\"\" overlay_color=\"\" overlay_opacity=\"0.5\" video_mute=\"yes\" video_loop=\"yes\" fade=\"no\" border_size=\"0px\" border_color=\"\" border_style=\"solid\" padding_top=\"20\" padding_bottom=\"20\" padding_left=\"0px\" padding_right=\"0px\" hundred_percent=\"yes\" equal_height_columns=\"no\" hide_on_mobile=\"no\" menu_anchor=\"\" class=\"\" id=\"\"][fusion_text]<iframe src=\"https:\/\/www.google.com\/maps\/d\/embed?mid=1CkeoLkFveW46hhEaBZr0GO6Mg5o\" width=\"100%\" height=\"300\"><\/iframe>[\/fusion_text][\/fullwidth]<\/p>","_et_gb_content_width":"","footnotes":""},"class_list":["post-35758","page","type-page","status-publish","hentry"],"acf":[],"yoast_head":"<!-- This site is optimized with the Yoast SEO plugin v25.6 - https:\/\/yoast.com\/wordpress\/plugins\/seo\/ -->\n<title>Kontakt - Maison du Pain d&#039;Alsace<\/title>\n<meta name=\"robots\" content=\"index, follow, max-snippet:-1, max-image-preview:large, max-video-preview:-1\" \/>\n<link rel=\"canonical\" href=\"https:\/\/maisondupain.alsace\/de\/kontakt\/\" \/>\n<meta property=\"og:locale\" content=\"de_DE\" \/>\n<meta property=\"og:type\" content=\"article\" \/>\n<meta property=\"og:title\" content=\"Kontakt - Maison du Pain d&#039;Alsace\" \/>\n<meta property=\"og:description\" content=\"Kontakt 7 rue du sel, 67600 S\u00c9LESTAT T\u00e9l : +33 (0)3 88 58 45 90 Fax : +33 (0)3 88 58 45 95 contact@maisondupain.org \u00d6ffnungszeiten 2026 ________________________________________ Vom 2 Januar [&hellip;]\" \/>\n<meta property=\"og:url\" content=\"https:\/\/maisondupain.alsace\/de\/kontakt\/\" \/>\n<meta property=\"og:site_name\" content=\"Maison du Pain d&#039;Alsace\" \/>\n<meta property=\"article:modified_time\" content=\"2026-02-11T14:54:16+00:00\" \/>\n<meta property=\"og:image\" content=\"https:\/\/maisondupain.alsace\/wp-content\/uploads\/2018\/05\/logo-taillemax.png\" \/>\n\t<meta property=\"og:image:width\" content=\"247\" \/>\n\t<meta property=\"og:image:height\" content=\"179\" \/>\n\t<meta property=\"og:image:type\" content=\"image\/png\" \/>\n<meta name=\"twitter:card\" content=\"summary_large_image\" \/>\n<meta name=\"twitter:label1\" content=\"Gesch\u00e4tzte Lesezeit\" \/>\n\t<meta name=\"twitter:data1\" content=\"2\u00a0Minuten\" \/>\n<script type=\"application\/ld+json\" class=\"yoast-schema-graph\">{\"@context\":\"https:\/\/schema.org\",\"@graph\":[{\"@type\":\"WebPage\",\"@id\":\"https:\/\/maisondupain.alsace\/de\/kontakt\/\",\"url\":\"https:\/\/maisondupain.alsace\/de\/kontakt\/\",\"name\":\"Kontakt - Maison du Pain d&#039;Alsace\",\"isPartOf\":{\"@id\":\"https:\/\/maisondupain.alsace\/#website\"},\"primaryImageOfPage\":{\"@id\":\"https:\/\/maisondupain.alsace\/de\/kontakt\/#primaryimage\"},\"image\":{\"@id\":\"https:\/\/maisondupain.alsace\/de\/kontakt\/#primaryimage\"},\"thumbnailUrl\":\"https:\/\/maisondupain.alsace\/wp-content\/uploads\/2018\/05\/logo-taillemax.png\",\"datePublished\":\"2018-09-05T16:38:16+00:00\",\"dateModified\":\"2026-02-11T14:54:16+00:00\",\"breadcrumb\":{\"@id\":\"https:\/\/maisondupain.alsace\/de\/kontakt\/#breadcrumb\"},\"inLanguage\":\"de\",\"potentialAction\":[{\"@type\":\"ReadAction\",\"target\":[\"https:\/\/maisondupain.alsace\/de\/kontakt\/\"]}]},{\"@type\":\"ImageObject\",\"inLanguage\":\"de\",\"@id\":\"https:\/\/maisondupain.alsace\/de\/kontakt\/#primaryimage\",\"url\":\"https:\/\/maisondupain.alsace\/wp-content\/uploads\/2018\/05\/logo-taillemax.png\",\"contentUrl\":\"https:\/\/maisondupain.alsace\/wp-content\/uploads\/2018\/05\/logo-taillemax.png\"},{\"@type\":\"BreadcrumbList\",\"@id\":\"https:\/\/maisondupain.alsace\/de\/kontakt\/#breadcrumb\",\"itemListElement\":[{\"@type\":\"ListItem\",\"position\":1,\"name\":\"Accueil\",\"item\":\"https:\/\/maisondupain.alsace\/de\/\"},{\"@type\":\"ListItem\",\"position\":2,\"name\":\"Kontakt\"}]},{\"@type\":\"WebSite\",\"@id\":\"https:\/\/maisondupain.alsace\/#website\",\"url\":\"https:\/\/maisondupain.alsace\/\",\"name\":\"Maison du Pain d&#039;Alsace\",\"description\":\"Mus\u00e9e et Fournil \u00e0 S\u00e9lestat, au centre de l&#039;Alsace\",\"potentialAction\":[{\"@type\":\"SearchAction\",\"target\":{\"@type\":\"EntryPoint\",\"urlTemplate\":\"https:\/\/maisondupain.alsace\/?s={search_term_string}\"},\"query-input\":{\"@type\":\"PropertyValueSpecification\",\"valueRequired\":true,\"valueName\":\"search_term_string\"}}],\"inLanguage\":\"de\"}]}<\/script>\n<!-- \/ Yoast SEO plugin. -->","yoast_head_json":{"title":"Kontakt - Maison du Pain d&#039;Alsace","robots":{"index":"index","follow":"follow","max-snippet":"max-snippet:-1","max-image-preview":"max-image-preview:large","max-video-preview":"max-video-preview:-1"},"canonical":"https:\/\/maisondupain.alsace\/de\/kontakt\/","og_locale":"de_DE","og_type":"article","og_title":"Kontakt - Maison du Pain d&#039;Alsace","og_description":"Kontakt 7 rue du sel, 67600 S\u00c9LESTAT T\u00e9l : +33 (0)3 88 58 45 90 Fax : +33 (0)3 88 58 45 95 contact@maisondupain.org \u00d6ffnungszeiten 2026 ________________________________________ Vom 2 Januar [&hellip;]","og_url":"https:\/\/maisondupain.alsace\/de\/kontakt\/","og_site_name":"Maison du Pain d&#039;Alsace","article_modified_time":"2026-02-11T14:54:16+00:00","og_image":[{"width":247,"height":179,"url":"https:\/\/maisondupain.alsace\/wp-content\/uploads\/2018\/05\/logo-taillemax.png","type":"image\/png"}],"twitter_card":"summary_large_image","twitter_misc":{"Gesch\u00e4tzte Lesezeit":"2\u00a0Minuten"},"schema":{"@context":"https:\/\/schema.org","@graph":[{"@type":"WebPage","@id":"https:\/\/maisondupain.alsace\/de\/kontakt\/","url":"https:\/\/maisondupain.alsace\/de\/kontakt\/","name":"Kontakt - Maison du Pain d&#039;Alsace","isPartOf":{"@id":"https:\/\/maisondupain.alsace\/#website"},"primaryImageOfPage":{"@id":"https:\/\/maisondupain.alsace\/de\/kontakt\/#primaryimage"},"image":{"@id":"https:\/\/maisondupain.alsace\/de\/kontakt\/#primaryimage"},"thumbnailUrl":"https:\/\/maisondupain.alsace\/wp-content\/uploads\/2018\/05\/logo-taillemax.png","datePublished":"2018-09-05T16:38:16+00:00","dateModified":"2026-02-11T14:54:16+00:00","breadcrumb":{"@id":"https:\/\/maisondupain.alsace\/de\/kontakt\/#breadcrumb"},"inLanguage":"de","potentialAction":[{"@type":"ReadAction","target":["https:\/\/maisondupain.alsace\/de\/kontakt\/"]}]},{"@type":"ImageObject","inLanguage":"de","@id":"https:\/\/maisondupain.alsace\/de\/kontakt\/#primaryimage","url":"https:\/\/maisondupain.alsace\/wp-content\/uploads\/2018\/05\/logo-taillemax.png","contentUrl":"https:\/\/maisondupain.alsace\/wp-content\/uploads\/2018\/05\/logo-taillemax.png"},{"@type":"BreadcrumbList","@id":"https:\/\/maisondupain.alsace\/de\/kontakt\/#breadcrumb","itemListElement":[{"@type":"ListItem","position":1,"name":"Accueil","item":"https:\/\/maisondupain.alsace\/de\/"},{"@type":"ListItem","position":2,"name":"Kontakt"}]},{"@type":"WebSite","@id":"https:\/\/maisondupain.alsace\/#website","url":"https:\/\/maisondupain.alsace\/","name":"Maison du Pain d&#039;Alsace","description":"Mus\u00e9e et Fournil \u00e0 S\u00e9lestat, au centre de l&#039;Alsace","potentialAction":[{"@type":"SearchAction","target":{"@type":"EntryPoint","urlTemplate":"https:\/\/maisondupain.alsace\/?s={search_term_string}"},"query-input":{"@type":"PropertyValueSpecification","valueRequired":true,"valueName":"search_term_string"}}],"inLanguage":"de"}]}},"jetpack_shortlink":"https:\/\/wp.me\/P9V72B-9iK","jetpack_sharing_enabled":true,"_links":{"self":[{"href":"https:\/\/maisondupain.alsace\/de\/wp-json\/wp\/v2\/pages\/35758","targetHints":{"allow":["GET"]}}],"collection":[{"href":"https:\/\/maisondupain.alsace\/de\/wp-json\/wp\/v2\/pages"}],"about":[{"href":"https:\/\/maisondupain.alsace\/de\/wp-json\/wp\/v2\/types\/page"}],"author":[{"embeddable":true,"href":"https:\/\/maisondupain.alsace\/de\/wp-json\/wp\/v2\/users\/1"}],"replies":[{"embeddable":true,"href":"https:\/\/maisondupain.alsace\/de\/wp-json\/wp\/v2\/comments?post=35758"}],"version-history":[{"count":0,"href":"https:\/\/maisondupain.alsace\/de\/wp-json\/wp\/v2\/pages\/35758\/revisions"}],"wp:attachment":[{"href":"https:\/\/maisondupain.alsace\/de\/wp-json\/wp\/v2\/media?parent=35758"}],"curies":[{"name":"wp","href":"https:\/\/api.w.org\/{rel}","templated":true}]}}