{"id":35771,"date":"2018-09-06T09:06:33","date_gmt":"2018-09-06T07:06:33","guid":{"rendered":"https:\/\/maisondupain.alsace\/?page_id=35771"},"modified":"2018-09-06T09:06:33","modified_gmt":"2018-09-06T07:06:33","slug":"rechtliche-informationen","status":"publish","type":"page","link":"https:\/\/maisondupain.alsace\/de\/rechtliche-informationen\/","title":{"rendered":"Rechtliche Informationen"},"content":{"rendered":"<p>[et_pb_section bb_built=&#8220;1&#8243; fullwidth=&#8220;on&#8220; _builder_version=&#8220;3.9&#8243; next_background_color=&#8220;#000000&#8243;][et_pb_fullwidth_header title=&#8220;rechtliche informationen&#8220; text_orientation=&#8220;center&#8220; header_scroll_down=&#8220;on&#8220; scroll_down_icon=&#8220;%%7%%&#8220; scroll_down_icon_color=&#8220;#fbcc3b&#8220; background_overlay_color=&#8220;rgba(0,0,0,0.4)&#8220; _builder_version=&#8220;3.13.1&#8243; title_font=&#8220;Bernierd||||||||&#8220; title_text_align=&#8220;center&#8220; title_text_color=&#8220;#ffffff&#8220; title_font_size=&#8220;80px&#8220; title_line_height=&#8220;1.2em&#8220; subhead_font=&#8220;Garamond||||||||&#8220; subhead_text_align=&#8220;center&#8220; subhead_text_color=&#8220;#ffffff&#8220; subhead_font_size=&#8220;30px&#8220; subhead_line_height=&#8220;1.2em&#8220; background_image=&#8220;http:\/\/maisondupain.alsace\/wp-content\/uploads\/2016\/08\/Maison-Du-Pain-Alsace-Selestat-Boulangerie-Mus\u00e9e-Animation-3-1.jpg&#8220; background_position=&#8220;bottom_center&#8220; custom_padding=&#8220;100px||150px|&#8220; custom_css_title=&#8220;font-family:&#8217;BERNIERDistressed-Regular&#8216;, Arial, sans-serif !important;&#8220; title_font_size_last_edited=&#8220;on|phone&#8220; title_font_size_phone=&#8220;60px&#8220; \/][\/et_pb_section][et_pb_section bb_built=&#8220;1&#8243; _builder_version=&#8220;3.8&#8243; background_image=&#8220;http:\/\/maisondupain.alsace\/wp-content\/uploads\/2018\/06\/filigrane.png&#8220; parallax=&#8220;on&#8220; custom_padding=&#8220;30px||30px|&#8220; prev_background_color=&#8220;#ffffff&#8220;][et_pb_row][et_pb_column type=&#8220;4_4&#8243;][et_pb_text _builder_version=&#8220;3.8&#8243; text_font=&#8220;Garamond|600|||||||&#8220; header_2_font=&#8220;GT America|600||on|||||&#8220; header_2_line_height=&#8220;1.2em&#8220; header_3_font=&#8220;GT America|600||on|||||&#8220; header_3_font_size=&#8220;24px&#8220; header_3_line_height=&#8220;1.2em&#8220;]<\/p>\n<h2 style=\"font-family: 'Comfortaa';\" data-fontsize=\"16\" data-lineheight=\"24\">EDITEUR<\/h2>\n<p>MAISON DU PAIN D&#8217;ALSACE<br \/>\nZ7 rue du sel \u2013 67600\u00a0S\u00c9LESTAT<br \/>\nT\u00e9l\u00e9phone\u00a0+33 3\u00a088\u00a058 45 90<br \/>\n<a href=\"mailto:contact@maisondupain.org\">contact@maisondupain.org<\/a><\/p>\n<h3 data-fontsize=\"15\" data-lineheight=\"22\">DIRECTEUR DE LA PUBLICATION :<\/h3>\n<p>Mme. Martine\u00a0GOETZ<br \/>\n<a href=\"mailto:contact@maisondupain.org\">contact@maisondupain.org<\/a><\/p>\n<h3 data-fontsize=\"15\" data-lineheight=\"22\">SIRET \u00a0:<\/h3>\n<p>421 323 007 00011<\/p>\n<h3 data-fontsize=\"15\" data-lineheight=\"22\">CR\u00c9ATION DU SITE WEB ET H\u00c9BERGEMENT<\/h3>\n<p>Les aspects techniques et graphiques de ce site ont \u00e9t\u00e9 con\u00e7us et r\u00e9alis\u00e9s par <a title=\"Web67.net\" href=\"http:\/\/www.web67.net\/\" target=\"_blank\" rel=\"noopener\">Web67<\/a>.<\/p>\n<p>Le site est h\u00e9berg\u00e9 par :<\/p>\n<p>INFOMANIAK NETWORK SA \u2013 26, Avenue de la Praille \u2013 1227 Carouge \/ Gen\u00e8ve \u2013 SUISSE<br \/>\nT\u00e9l. : +41 22 820 35 44 \u2013 Fax : +41 22 301 67 69<br \/>\nEmail : contact@infomaniak.ch<br \/>\nSite internet : www.infomaniak.ch<\/p>\n<h2 style=\"font-family: 'Comfortaa';\" data-fontsize=\"16\" data-lineheight=\"24\">CLAUSE DE NON RESPONSABILIT\u00c9<\/h2>\n<p>La responsabilit\u00e9 de la soci\u00e9t\u00e9 MAISON DU PAIN D&#8217;ALSACE ne peut, en aucune mani\u00e8re, \u00eatre engag\u00e9e quant au contenu des informations figurant sur ce site ou aux cons\u00e9quences pouvant r\u00e9sulter de leur utilisation ou interpr\u00e9tation.<\/p>\n<h2 style=\"font-family: 'Comfortaa';\" data-fontsize=\"16\" data-lineheight=\"24\">PROPRI\u00c9T\u00c9 INTELLECTUELLE<\/h2>\n<p>Le site de MAISON DU PAIN D&#8217;ALSACE est la propri\u00e9t\u00e9 exclusive de la soci\u00e9t\u00e9 MAISON DU PAIN D&#8217;ALSACE et est prot\u00e9g\u00e9 par la l\u00e9gislation fran\u00e7aise et internationale sur le droit de la propri\u00e9t\u00e9 intellectuelle. Aucune reproduction ou repr\u00e9sentation ne peut \u00eatre r\u00e9alis\u00e9e en contravention avec les droits de la soci\u00e9t\u00e9 MAISON DU PAIN D&#8217;ALSACE issus de la l\u00e9gislation susvis\u00e9e.<\/p>\n<h2 style=\"font-family: 'Comfortaa';\" data-fontsize=\"16\" data-lineheight=\"24\">LIENS HYPERTEXTES<\/h2>\n<p>Les sites externes accessibles gr\u00e2ce aux liens hypertextes pr\u00e9sents sur le site de MAISON DU PAIN D&#8217;ALSACE ne rel\u00e8vent en aucun cas du contr\u00f4le ni de la responsabilit\u00e9 de la soci\u00e9t\u00e9 MAISON DU PAIN D&#8217;ALSACE.<\/p>\n<p>La mise en place de liens hypertextes par des tiers vers des pages ou des documents du site de MAISON DU PAIN D&#8217;ALSACE est autoris\u00e9e sous r\u00e9serve que les liens ne contreviennent pas aux int\u00e9r\u00eats de la soci\u00e9t\u00e9 MAISON DU PAIN D&#8217;ALSACE et qu\u2019ils garantissent la possibilit\u00e9 pour l\u2019utilisateur d\u2019identifier l\u2019origine et l\u2019auteur du document.<\/p>\n<h2 style=\"font-family: 'Comfortaa';\" data-fontsize=\"16\" data-lineheight=\"24\">TEXTES ET PHOTOS<\/h2>\n<p>Sauf mention contraire, les textes et images utilis\u00e9s pour la r\u00e9alisation de ce site sont la propri\u00e9t\u00e9 exclusive de la soci\u00e9t\u00e9 MAISON DU PAIN D&#8217;ALSACE.\u00a0Toute copie, totale ou partielle, ne peut se faire sans l\u2019accord de leur propri\u00e9taire.<\/p>\n<p>[\/et_pb_text][\/et_pb_column][\/et_pb_row][\/et_pb_section]<\/p>\n","protected":false},"excerpt":{"rendered":"<p><div class=\"et_pb_row et_pb_row_0 et_pb_row_empty\">\n\t\t\t\t\n\t\t\t\t\n\t\t\t\t\n\t\t\t\t\n\t\t\t\t\n\t\t\t<\/div> EDITEUR MAISON DU PAIN D&#8217;ALSACE Z7 rue du sel \u2013 67600\u00a0S\u00c9LESTAT T\u00e9l\u00e9phone\u00a0+33 3\u00a088\u00a058 45 90 contact@maisondupain.org DIRECTEUR DE LA PUBLICATION : Mme. Martine\u00a0GOETZ contact@maisondupain.org SIRET \u00a0: 421 323 007 [&hellip;]<\/p>\n","protected":false},"author":1,"featured_media":0,"parent":0,"menu_order":0,"comment_status":"closed","ping_status":"closed","template":"","meta":{"_acf_changed":false,"_et_pb_use_builder":"on","_et_pb_old_content":"<h2 style=\"font-family: 'Comfortaa';\" data-fontsize=\"16\" data-lineheight=\"24\">EDITEUR<\/h2><p>MAISON DU PAIN D'ALSACE<br \/>Z7 rue du sel \u2013 67600\u00a0S\u00c9LESTAT<br \/>T\u00e9l\u00e9phone\u00a0+33 3\u00a088\u00a058 45 90<br \/><a href=\"mailto:contact@maisondupain.org\">contact@maisondupain.org<\/a><\/p><h3 data-fontsize=\"15\" data-lineheight=\"22\">DIRECTEUR DE LA PUBLICATION :<\/h3><p>Mme. Martine\u00a0GOETZ<br \/><a href=\"mailto:contact@maisondupain.org\">contact@maisondupain.org<\/a><\/p><h3 data-fontsize=\"15\" data-lineheight=\"22\">SIRET \u00a0:<\/h3><p>421 323 007 00011<\/p><h3 data-fontsize=\"15\" data-lineheight=\"22\">CR\u00c9ATION DU SITE WEB ET H\u00c9BERGEMENT<\/h3><p>Les aspects techniques et graphiques de ce site ont \u00e9t\u00e9 con\u00e7us et r\u00e9alis\u00e9s par <a title=\"Web67.net\" href=\"http:\/\/www.web67.net\/\" target=\"_blank\" rel=\"noopener\">Web67<\/a>.<\/p><p>Le site est h\u00e9berg\u00e9 par :<\/p><p>INFOMANIAK NETWORK SA \u2013 26, Avenue de la Praille \u2013 1227 Carouge \/ Gen\u00e8ve \u2013 SUISSE<br \/>T\u00e9l. : +41 22 820 35 44 \u2013 Fax : +41 22 301 67 69<br \/>Email : contact@infomaniak.ch<br \/>Site internet : www.infomaniak.ch<\/p><h2 style=\"font-family: 'Comfortaa';\" data-fontsize=\"16\" data-lineheight=\"24\">CLAUSE DE NON RESPONSABILIT\u00c9<\/h2><p>La responsabilit\u00e9 de la soci\u00e9t\u00e9 MAISON DU PAIN D'ALSACE ne peut, en aucune mani\u00e8re, \u00eatre engag\u00e9e quant au contenu des informations figurant sur ce site ou aux cons\u00e9quences pouvant r\u00e9sulter de leur utilisation ou interpr\u00e9tation.<\/p><h2 style=\"font-family: 'Comfortaa';\" data-fontsize=\"16\" data-lineheight=\"24\">PROPRI\u00c9T\u00c9 INTELLECTUELLE<\/h2><p>Le site de MAISON DU PAIN D'ALSACE est la propri\u00e9t\u00e9 exclusive de la soci\u00e9t\u00e9 MAISON DU PAIN D'ALSACE et est prot\u00e9g\u00e9 par la l\u00e9gislation fran\u00e7aise et internationale sur le droit de la propri\u00e9t\u00e9 intellectuelle. Aucune reproduction ou repr\u00e9sentation ne peut \u00eatre r\u00e9alis\u00e9e en contravention avec les droits de la soci\u00e9t\u00e9 MAISON DU PAIN D'ALSACE issus de la l\u00e9gislation susvis\u00e9e.<\/p><h2 style=\"font-family: 'Comfortaa';\" data-fontsize=\"16\" data-lineheight=\"24\">LIENS HYPERTEXTES<\/h2><p>Les sites externes accessibles gr\u00e2ce aux liens hypertextes pr\u00e9sents sur le site de MAISON DU PAIN D'ALSACE ne rel\u00e8vent en aucun cas du contr\u00f4le ni de la responsabilit\u00e9 de la soci\u00e9t\u00e9 MAISON DU PAIN D'ALSACE.<\/p><p>La mise en place de liens hypertextes par des tiers vers des pages ou des documents du site de MAISON DU PAIN D'ALSACE est autoris\u00e9e sous r\u00e9serve que les liens ne contreviennent pas aux int\u00e9r\u00eats de la soci\u00e9t\u00e9 MAISON DU PAIN D'ALSACE et qu\u2019ils garantissent la possibilit\u00e9 pour l\u2019utilisateur d\u2019identifier l\u2019origine et l\u2019auteur du document.<\/p><h2 style=\"font-family: 'Comfortaa';\" data-fontsize=\"16\" data-lineheight=\"24\">TEXTES ET PHOTOS<\/h2><p>Sauf mention contraire, les textes et images utilis\u00e9s pour la r\u00e9alisation de ce site sont la propri\u00e9t\u00e9 exclusive de la soci\u00e9t\u00e9 MAISON DU PAIN D'ALSACE.\u00a0Toute copie, totale ou partielle, ne peut se faire sans l\u2019accord de leur propri\u00e9taire.<\/p>","_et_gb_content_width":"","footnotes":""},"class_list":["post-35771","page","type-page","status-publish","hentry"],"acf":[],"yoast_head":"<!-- This site is optimized with the Yoast SEO plugin v25.6 - https:\/\/yoast.com\/wordpress\/plugins\/seo\/ -->\n<title>Rechtliche Informationen - Maison du Pain d&#039;Alsace<\/title>\n<meta name=\"robots\" content=\"index, follow, max-snippet:-1, max-image-preview:large, max-video-preview:-1\" \/>\n<link rel=\"canonical\" href=\"https:\/\/maisondupain.alsace\/mentions-legales\/\" \/>\n<meta property=\"og:locale\" content=\"de_DE\" \/>\n<meta property=\"og:type\" content=\"article\" \/>\n<meta property=\"og:title\" content=\"Rechtliche Informationen - Maison du Pain d&#039;Alsace\" \/>\n<meta property=\"og:description\" content=\"EDITEUR MAISON DU PAIN D&#039;ALSACE Z7 rue du sel \u2013 67600\u00a0S\u00c9LESTAT T\u00e9l\u00e9phone\u00a0+33 3\u00a088\u00a058 45 90 contact@maisondupain.org DIRECTEUR DE LA PUBLICATION : Mme. Martine\u00a0GOETZ contact@maisondupain.org SIRET \u00a0: 421 323 007 [&hellip;]\" \/>\n<meta property=\"og:url\" content=\"https:\/\/maisondupain.alsace\/mentions-legales\/\" \/>\n<meta property=\"og:site_name\" content=\"Maison du Pain d&#039;Alsace\" \/>\n<meta name=\"twitter:card\" content=\"summary_large_image\" \/>\n<meta name=\"twitter:label1\" content=\"Gesch\u00e4tzte Lesezeit\" \/>\n\t<meta name=\"twitter:data1\" content=\"3\u00a0Minuten\" \/>\n<script type=\"application\/ld+json\" class=\"yoast-schema-graph\">{\"@context\":\"https:\/\/schema.org\",\"@graph\":[{\"@type\":\"WebPage\",\"@id\":\"https:\/\/maisondupain.alsace\/mentions-legales\/\",\"url\":\"https:\/\/maisondupain.alsace\/mentions-legales\/\",\"name\":\"Rechtliche Informationen - Maison du Pain d&#039;Alsace\",\"isPartOf\":{\"@id\":\"https:\/\/maisondupain.alsace\/#website\"},\"datePublished\":\"2018-09-06T07:06:33+00:00\",\"breadcrumb\":{\"@id\":\"https:\/\/maisondupain.alsace\/mentions-legales\/#breadcrumb\"},\"inLanguage\":\"de\",\"potentialAction\":[{\"@type\":\"ReadAction\",\"target\":[\"https:\/\/maisondupain.alsace\/mentions-legales\/\"]}]},{\"@type\":\"BreadcrumbList\",\"@id\":\"https:\/\/maisondupain.alsace\/mentions-legales\/#breadcrumb\",\"itemListElement\":[{\"@type\":\"ListItem\",\"position\":1,\"name\":\"Accueil\",\"item\":\"https:\/\/maisondupain.alsace\/de\/\"},{\"@type\":\"ListItem\",\"position\":2,\"name\":\"Rechtliche Informationen\"}]},{\"@type\":\"WebSite\",\"@id\":\"https:\/\/maisondupain.alsace\/#website\",\"url\":\"https:\/\/maisondupain.alsace\/\",\"name\":\"Maison du Pain d&#039;Alsace\",\"description\":\"Mus\u00e9e et Fournil \u00e0 S\u00e9lestat, au centre de l&#039;Alsace\",\"potentialAction\":[{\"@type\":\"SearchAction\",\"target\":{\"@type\":\"EntryPoint\",\"urlTemplate\":\"https:\/\/maisondupain.alsace\/?s={search_term_string}\"},\"query-input\":{\"@type\":\"PropertyValueSpecification\",\"valueRequired\":true,\"valueName\":\"search_term_string\"}}],\"inLanguage\":\"de\"}]}<\/script>\n<!-- \/ Yoast SEO plugin. -->","yoast_head_json":{"title":"Rechtliche Informationen - Maison du Pain d&#039;Alsace","robots":{"index":"index","follow":"follow","max-snippet":"max-snippet:-1","max-image-preview":"max-image-preview:large","max-video-preview":"max-video-preview:-1"},"canonical":"https:\/\/maisondupain.alsace\/mentions-legales\/","og_locale":"de_DE","og_type":"article","og_title":"Rechtliche Informationen - Maison du Pain d&#039;Alsace","og_description":"EDITEUR MAISON DU PAIN D'ALSACE Z7 rue du sel \u2013 67600\u00a0S\u00c9LESTAT T\u00e9l\u00e9phone\u00a0+33 3\u00a088\u00a058 45 90 contact@maisondupain.org DIRECTEUR DE LA PUBLICATION : Mme. Martine\u00a0GOETZ contact@maisondupain.org SIRET \u00a0: 421 323 007 [&hellip;]","og_url":"https:\/\/maisondupain.alsace\/mentions-legales\/","og_site_name":"Maison du Pain d&#039;Alsace","twitter_card":"summary_large_image","twitter_misc":{"Gesch\u00e4tzte Lesezeit":"3\u00a0Minuten"},"schema":{"@context":"https:\/\/schema.org","@graph":[{"@type":"WebPage","@id":"https:\/\/maisondupain.alsace\/mentions-legales\/","url":"https:\/\/maisondupain.alsace\/mentions-legales\/","name":"Rechtliche Informationen - Maison du Pain d&#039;Alsace","isPartOf":{"@id":"https:\/\/maisondupain.alsace\/#website"},"datePublished":"2018-09-06T07:06:33+00:00","breadcrumb":{"@id":"https:\/\/maisondupain.alsace\/mentions-legales\/#breadcrumb"},"inLanguage":"de","potentialAction":[{"@type":"ReadAction","target":["https:\/\/maisondupain.alsace\/mentions-legales\/"]}]},{"@type":"BreadcrumbList","@id":"https:\/\/maisondupain.alsace\/mentions-legales\/#breadcrumb","itemListElement":[{"@type":"ListItem","position":1,"name":"Accueil","item":"https:\/\/maisondupain.alsace\/de\/"},{"@type":"ListItem","position":2,"name":"Rechtliche Informationen"}]},{"@type":"WebSite","@id":"https:\/\/maisondupain.alsace\/#website","url":"https:\/\/maisondupain.alsace\/","name":"Maison du Pain d&#039;Alsace","description":"Mus\u00e9e et Fournil \u00e0 S\u00e9lestat, au centre de l&#039;Alsace","potentialAction":[{"@type":"SearchAction","target":{"@type":"EntryPoint","urlTemplate":"https:\/\/maisondupain.alsace\/?s={search_term_string}"},"query-input":{"@type":"PropertyValueSpecification","valueRequired":true,"valueName":"search_term_string"}}],"inLanguage":"de"}]}},"jetpack_shortlink":"https:\/\/wp.me\/P9V72B-9iX","jetpack_sharing_enabled":true,"_links":{"self":[{"href":"https:\/\/maisondupain.alsace\/de\/wp-json\/wp\/v2\/pages\/35771","targetHints":{"allow":["GET"]}}],"collection":[{"href":"https:\/\/maisondupain.alsace\/de\/wp-json\/wp\/v2\/pages"}],"about":[{"href":"https:\/\/maisondupain.alsace\/de\/wp-json\/wp\/v2\/types\/page"}],"author":[{"embeddable":true,"href":"https:\/\/maisondupain.alsace\/de\/wp-json\/wp\/v2\/users\/1"}],"replies":[{"embeddable":true,"href":"https:\/\/maisondupain.alsace\/de\/wp-json\/wp\/v2\/comments?post=35771"}],"version-history":[{"count":0,"href":"https:\/\/maisondupain.alsace\/de\/wp-json\/wp\/v2\/pages\/35771\/revisions"}],"wp:attachment":[{"href":"https:\/\/maisondupain.alsace\/de\/wp-json\/wp\/v2\/media?parent=35771"}],"curies":[{"name":"wp","href":"https:\/\/api.w.org\/{rel}","templated":true}]}}