{"id":35777,"date":"2018-09-06T09:09:28","date_gmt":"2018-09-06T07:09:28","guid":{"rendered":"https:\/\/maisondupain.alsace\/?page_id=35777"},"modified":"2018-09-06T09:09:28","modified_gmt":"2018-09-06T07:09:28","slug":"sitemap","status":"publish","type":"page","link":"https:\/\/maisondupain.alsace\/de\/sitemap\/","title":{"rendered":"Sitemap"},"content":{"rendered":"<p>[et_pb_section bb_built=&#8220;1&#8243; fullwidth=&#8220;on&#8220; _builder_version=&#8220;3.9&#8243; next_background_color=&#8220;#000000&#8243;][et_pb_fullwidth_header title=&#8220;sitemap&#8220; text_orientation=&#8220;center&#8220; header_scroll_down=&#8220;on&#8220; scroll_down_icon=&#8220;%%7%%&#8220; scroll_down_icon_color=&#8220;#fbcc3b&#8220; background_overlay_color=&#8220;rgba(0,0,0,0.4)&#8220; _builder_version=&#8220;3.13.1&#8243; title_font=&#8220;Bernierd||||||||&#8220; title_text_align=&#8220;center&#8220; title_text_color=&#8220;#ffffff&#8220; title_font_size=&#8220;80px&#8220; title_line_height=&#8220;1.2em&#8220; subhead_font=&#8220;Garamond||||||||&#8220; subhead_text_align=&#8220;center&#8220; subhead_text_color=&#8220;#ffffff&#8220; subhead_font_size=&#8220;30px&#8220; subhead_line_height=&#8220;1.2em&#8220; background_image=&#8220;http:\/\/maisondupain.alsace\/wp-content\/uploads\/2018\/05\/Maison-Du-Pain-Alsace-Selestat-Boulangerie-Mus\u00e9e-Animation-3.jpg&#8220; background_position=&#8220;bottom_center&#8220; custom_padding=&#8220;100px||150px|&#8220; custom_css_title=&#8220;font-family:&#8217;BERNIERDistressed-Regular&#8216;, Arial, sans-serif !important;&#8220; title_font_size_last_edited=&#8220;on|phone&#8220; title_font_size_phone=&#8220;60px&#8220; \/][\/et_pb_section][et_pb_section bb_built=&#8220;1&#8243; prev_background_color=&#8220;#ffffff&#8220; _builder_version=&#8220;3.9&#8243; background_image=&#8220;http:\/\/maisondupain.alsace\/wp-content\/uploads\/2018\/06\/filigranev4.png&#8220; parallax=&#8220;on&#8220; custom_padding=&#8220;50px||50px|&#8220;][et_pb_row][et_pb_column type=&#8220;4_4&#8243;][et_pb_text _builder_version=&#8220;3.13.1&#8243;]<\/p>\n<p>&nbsp;<\/p>\n<p><div class=\"wsp-container\"><h2 class=\"wsp-pages-title\">Seiten<\/h2>\n<ul class=\"wsp-pages-list\">\n<li class=\"page_item page-item-35750\"><a href=\"https:\/\/maisondupain.alsace\/de\/backstube\/\">Backstube<\/a><\/li>\n<li class=\"page_item page-item-35753\"><a href=\"https:\/\/maisondupain.alsace\/de\/bereiten-sie-ihren-besuch-vor\/\">Bereiten sie ihren Besuch vor<\/a><\/li>\n<li class=\"page_item page-item-35775\"><a href=\"https:\/\/maisondupain.alsace\/de\/datenschutz-bestimmungen\/\">Datenschutz-Bestimmungen<\/a><\/li>\n<li class=\"page_item page-item-35735\"><a href=\"https:\/\/maisondupain.alsace\/de\/\">Home<\/a><\/li>\n<li class=\"page_item page-item-35758\"><a href=\"https:\/\/maisondupain.alsace\/de\/kontakt\/\">Kontakt<\/a><\/li>\n<li class=\"page_item page-item-37617\"><a href=\"https:\/\/maisondupain.alsace\/de\/liste-des-produits\/\">Liste des produits<\/a><\/li>\n<li class=\"page_item page-item-38327\"><a href=\"https:\/\/maisondupain.alsace\/de\/mon-compte\/\">Mon compte<\/a><\/li>\n<li class=\"page_item page-item-35744\"><a href=\"https:\/\/maisondupain.alsace\/de\/museum\/\">Museum<\/a><\/li>\n<li class=\"page_item page-item-35780\"><a href=\"https:\/\/maisondupain.alsace\/de\/nachrichten\/\">Nachrichten<\/a><\/li>\n<li class=\"page_item page-item-43072\"><a href=\"https:\/\/maisondupain.alsace\/de\/noel\/\">Noel \u00e0 S\u00e9lestat<\/a><\/li>\n<li class=\"page_item page-item-38325\"><a href=\"https:\/\/maisondupain.alsace\/de\/panier\/\">Panier<\/a><\/li>\n<li class=\"page_item page-item-35782\"><a href=\"https:\/\/maisondupain.alsace\/de\/geschehen\/\">Programm<\/a><\/li>\n<li class=\"page_item page-item-35771\"><a href=\"https:\/\/maisondupain.alsace\/de\/rechtliche-informationen\/\">Rechtliche Informationen<\/a><\/li>\n<li class=\"page_item page-item-35777\"><a href=\"https:\/\/maisondupain.alsace\/de\/sitemap\/\">Sitemap<\/a><\/li>\n<li class=\"page_item page-item-37651\"><a href=\"https:\/\/maisondupain.alsace\/de\/test2\/\">test2<\/a><\/li>\n<li class=\"page_item page-item-38326\"><a href=\"https:\/\/maisondupain.alsace\/de\/commander\/\">Validation de la commande<\/a><\/li>\n<\/ul>\n<\/div><div class=\"wsp-container\"><h2 class=\"wsp-posts-title\">Beitr\u00e4ge nach Kategorie<\/h2>\n<ul class=\"wsp-posts-list\">\n\t<li><strong class=\"wsp-category-title\">Kategorie: <a href=\"https:\/\/maisondupain.alsace\/de\/category\/unkategorisiert\/\">Unkategorisiert<\/a><\/strong>\n<ul class=\"wsp-posts-list\">\t\t<li class=\"wsp-post\"><a href=\"https:\/\/maisondupain.alsace\/de\/gefuehrte-tour-un-stuck-dhistoire-et-de-gourmandise\/\">~ Gef\u00fchrte Tour \u201eUn Stuck d\u2019Histoire et de Gourmandise\u201c ~<\/a><\/li>\n\t\t<li class=\"wsp-post\"><a href=\"https:\/\/maisondupain.alsace\/de\/diesen-sommer-haende-in-den-teig-bei-der-maison-du-pain\/\">Diesen Sommer: H\u00e4nde in den Teig bei der Maison du Pain !<\/a><\/li>\n\t\t<li class=\"wsp-post\"><a href=\"https:\/\/maisondupain.alsace\/de\/osterstand-im-caveau-sainte-barbe\/\">Osterstand im Caveau Sainte-Barbe<\/a><\/li>\n\t\t<li class=\"wsp-post\"><a href=\"https:\/\/maisondupain.alsace\/de\/geheimnisse-und-oster-eier-%f0%9f%95%b5%ef%b8%8f%e2%99%82%ef%b8%8f%f0%9f%a5%9a\/\">GEHEIMNISSE UND OSTER-EIER \ud83d\udd75\ufe0f\u200d\u2642\ufe0f\ud83e\udd5a<\/a><\/li>\n\t\t<li class=\"wsp-post\"><a href=\"https:\/\/maisondupain.alsace\/de\/elsass-osterbrunch\/\">Elsass Osterbrunch<\/a><\/li>\n\t\t<li class=\"wsp-post\"><a href=\"https:\/\/maisondupain.alsace\/de\/jahresurlaub\/\">~ Jahresurlaub ~<\/a><\/li>\n\t\t<li class=\"wsp-post\"><a href=\"https:\/\/maisondupain.alsace\/de\/la-maison-du-pain-rouvre-ses-portes-le-6-fevrier-2024\/\">Die Maison du Pain \u00f6ffnet ihre T\u00fcren am 6. Februar 2024 neu !<\/a><\/li>\n\t\t<li class=\"wsp-post\"><a href=\"https:\/\/maisondupain.alsace\/de\/tag-der-offenen-tuer-sonntag-10-dezember-2023\/\">TAG DER OFFENEN T\u00dcR Sonntag, 10. Dezember 2023<\/a><\/li>\n\t\t<li class=\"wsp-post\"><a href=\"https:\/\/maisondupain.alsace\/de\/genussvolle-fuehrungen-im-museum-neu\/\">GENUSSVOLLE F\u00dcHRUNGEN IM MUSEUM (Neu)<\/a><\/li>\n\t\t<li class=\"wsp-post\"><a href=\"https:\/\/maisondupain.alsace\/de\/geniessen-sie-weihnachten-in-der-maison-du-pain-dalsace\/\">GENIE\u00dfEN SIE WEIHNACHTEN IN DER &#8222;MAISON DU PAIN D&#8217;ALSACE&#8220;<\/a><\/li>\n\t\t<li class=\"wsp-post\"><a href=\"https:\/\/maisondupain.alsace\/de\/2023\/\">2023<\/a><\/li>\n\t\t<li class=\"wsp-post\"><a href=\"https:\/\/maisondupain.alsace\/de\/le-fournil-de-noel-4\/\">LE FOURNIL DE NO\u00cbL<\/a><\/li>\n\t\t<li class=\"wsp-post\"><a href=\"https:\/\/maisondupain.alsace\/de\/notre-nouvelle-visite-guidee-gourmande-pour-les-groupes\/\">Notre nouvelle visite guid\u00e9e gourmande pour les groupes<\/a><\/li>\n\t\t<li class=\"wsp-post\"><a href=\"https:\/\/maisondupain.alsace\/de\/paques-le-sais-tu\/\">PAQUES &#8211; LE SAIS TU ?<\/a><\/li>\n\t\t<li class=\"wsp-post\"><a href=\"https:\/\/maisondupain.alsace\/de\/week-end-de-paques\/\">Week-end de P\u00e2ques<\/a><\/li>\n\t\t<li class=\"wsp-post\"><a href=\"https:\/\/maisondupain.alsace\/de\/voeux-2020\/\">V\u0153ux 2020<\/a><\/li>\n\t\t<li class=\"wsp-post\"><a href=\"https:\/\/maisondupain.alsace\/de\/les-galettes-des-rois\/\">Les galettes des rois<\/a><\/li>\n\t\t<li class=\"wsp-post\"><a href=\"https:\/\/maisondupain.alsace\/de\/le-pain-du-mois-de-decembre\/\">Le pain du mois de d\u00e9cembre<\/a><\/li>\n\t\t<li class=\"wsp-post\"><a href=\"https:\/\/maisondupain.alsace\/de\/le-fournil-de-noel-2\/\">Le fournil de No\u00ebl<\/a><\/li>\n<\/ul><\/li>\n<\/ul>\n<\/div><div class=\"wsp-container\"><\/div><\/p>\n<p>&nbsp;<\/p>\n<p>[\/et_pb_text][\/et_pb_column][\/et_pb_row][\/et_pb_section]<\/p>\n","protected":false},"excerpt":{"rendered":"<p><div class=\"et_pb_row et_pb_row_0 et_pb_row_empty\">\n\t\t\t\t\n\t\t\t\t\n\t\t\t\t\n\t\t\t\t\n\t\t\t\t\n\t\t\t<\/div> &nbsp; <div class=\"wsp-container\"><h2 class=\"wsp-pages-title\">Seiten<\/h2>\n<ul class=\"wsp-pages-list\">\n<li class=\"page_item page-item-35750\"><a href=\"https:\/\/maisondupain.alsace\/de\/backstube\/\">Backstube<\/a><\/li>\n<li class=\"page_item page-item-35753\"><a href=\"https:\/\/maisondupain.alsace\/de\/bereiten-sie-ihren-besuch-vor\/\">Bereiten sie ihren Besuch vor<\/a><\/li>\n<li class=\"page_item page-item-35775\"><a href=\"https:\/\/maisondupain.alsace\/de\/datenschutz-bestimmungen\/\">Datenschutz-Bestimmungen<\/a><\/li>\n<li class=\"page_item page-item-35735\"><a href=\"https:\/\/maisondupain.alsace\/de\/\">Home<\/a><\/li>\n<li class=\"page_item page-item-35758\"><a href=\"https:\/\/maisondupain.alsace\/de\/kontakt\/\">Kontakt<\/a><\/li>\n<li class=\"page_item page-item-37617\"><a href=\"https:\/\/maisondupain.alsace\/de\/liste-des-produits\/\">Liste des produits<\/a><\/li>\n<li class=\"page_item page-item-38327\"><a href=\"https:\/\/maisondupain.alsace\/de\/mon-compte\/\">Mon compte<\/a><\/li>\n<li class=\"page_item page-item-35744\"><a href=\"https:\/\/maisondupain.alsace\/de\/museum\/\">Museum<\/a><\/li>\n<li class=\"page_item page-item-35780\"><a href=\"https:\/\/maisondupain.alsace\/de\/nachrichten\/\">Nachrichten<\/a><\/li>\n<li class=\"page_item page-item-43072\"><a href=\"https:\/\/maisondupain.alsace\/de\/noel\/\">Noel \u00e0 S\u00e9lestat<\/a><\/li>\n<li class=\"page_item page-item-38325\"><a href=\"https:\/\/maisondupain.alsace\/de\/panier\/\">Panier<\/a><\/li>\n<li class=\"page_item page-item-35782\"><a href=\"https:\/\/maisondupain.alsace\/de\/geschehen\/\">Programm<\/a><\/li>\n<li class=\"page_item page-item-35771\"><a href=\"https:\/\/maisondupain.alsace\/de\/rechtliche-informationen\/\">Rechtliche Informationen<\/a><\/li>\n<li class=\"page_item page-item-35777\"><a href=\"https:\/\/maisondupain.alsace\/de\/sitemap\/\">Sitemap<\/a><\/li>\n<li class=\"page_item page-item-37651\"><a href=\"https:\/\/maisondupain.alsace\/de\/test2\/\">test2<\/a><\/li>\n<li class=\"page_item page-item-38326\"><a href=\"https:\/\/maisondupain.alsace\/de\/commander\/\">Validation de la commande<\/a><\/li>\n<\/ul>\n<\/div><div class=\"wsp-container\"><h2 class=\"wsp-posts-title\">Beitr\u00e4ge nach Kategorie<\/h2>\n<ul class=\"wsp-posts-list\">\n\t<li><strong class=\"wsp-category-title\">Kategorie: <a href=\"https:\/\/maisondupain.alsace\/de\/category\/unkategorisiert\/\">Unkategorisiert<\/a><\/strong>\n<ul class=\"wsp-posts-list\">\t\t<li class=\"wsp-post\"><a href=\"https:\/\/maisondupain.alsace\/de\/gefuehrte-tour-un-stuck-dhistoire-et-de-gourmandise\/\">~ Gef\u00fchrte Tour \u201eUn Stuck d\u2019Histoire et de Gourmandise\u201c ~<\/a><\/li>\n\t\t<li class=\"wsp-post\"><a href=\"https:\/\/maisondupain.alsace\/de\/diesen-sommer-haende-in-den-teig-bei-der-maison-du-pain\/\">Diesen Sommer: H\u00e4nde in den Teig bei der Maison du Pain !<\/a><\/li>\n\t\t<li class=\"wsp-post\"><a href=\"https:\/\/maisondupain.alsace\/de\/osterstand-im-caveau-sainte-barbe\/\">Osterstand im Caveau Sainte-Barbe<\/a><\/li>\n\t\t<li class=\"wsp-post\"><a href=\"https:\/\/maisondupain.alsace\/de\/geheimnisse-und-oster-eier-%f0%9f%95%b5%ef%b8%8f%e2%99%82%ef%b8%8f%f0%9f%a5%9a\/\">GEHEIMNISSE UND OSTER-EIER \ud83d\udd75\ufe0f\u200d\u2642\ufe0f\ud83e\udd5a<\/a><\/li>\n\t\t<li class=\"wsp-post\"><a href=\"https:\/\/maisondupain.alsace\/de\/elsass-osterbrunch\/\">Elsass Osterbrunch<\/a><\/li>\n\t\t<li class=\"wsp-post\"><a href=\"https:\/\/maisondupain.alsace\/de\/jahresurlaub\/\">~ Jahresurlaub ~<\/a><\/li>\n\t\t<li class=\"wsp-post\"><a href=\"https:\/\/maisondupain.alsace\/de\/la-maison-du-pain-rouvre-ses-portes-le-6-fevrier-2024\/\">Die Maison du Pain \u00f6ffnet ihre T\u00fcren am 6. Februar 2024 neu !<\/a><\/li>\n\t\t<li class=\"wsp-post\"><a href=\"https:\/\/maisondupain.alsace\/de\/tag-der-offenen-tuer-sonntag-10-dezember-2023\/\">TAG DER OFFENEN T\u00dcR Sonntag, 10. Dezember 2023<\/a><\/li>\n\t\t<li class=\"wsp-post\"><a href=\"https:\/\/maisondupain.alsace\/de\/genussvolle-fuehrungen-im-museum-neu\/\">GENUSSVOLLE F\u00dcHRUNGEN IM MUSEUM (Neu)<\/a><\/li>\n\t\t<li class=\"wsp-post\"><a href=\"https:\/\/maisondupain.alsace\/de\/geniessen-sie-weihnachten-in-der-maison-du-pain-dalsace\/\">GENIE\u00dfEN SIE WEIHNACHTEN IN DER &#8222;MAISON DU PAIN D&#8217;ALSACE&#8220;<\/a><\/li>\n\t\t<li class=\"wsp-post\"><a href=\"https:\/\/maisondupain.alsace\/de\/2023\/\">2023<\/a><\/li>\n\t\t<li class=\"wsp-post\"><a href=\"https:\/\/maisondupain.alsace\/de\/le-fournil-de-noel-4\/\">LE FOURNIL DE NO\u00cbL<\/a><\/li>\n\t\t<li class=\"wsp-post\"><a href=\"https:\/\/maisondupain.alsace\/de\/notre-nouvelle-visite-guidee-gourmande-pour-les-groupes\/\">Notre nouvelle visite guid\u00e9e gourmande pour les groupes<\/a><\/li>\n\t\t<li class=\"wsp-post\"><a href=\"https:\/\/maisondupain.alsace\/de\/paques-le-sais-tu\/\">PAQUES &#8211; LE SAIS TU ?<\/a><\/li>\n\t\t<li class=\"wsp-post\"><a href=\"https:\/\/maisondupain.alsace\/de\/week-end-de-paques\/\">Week-end de P\u00e2ques<\/a><\/li>\n\t\t<li class=\"wsp-post\"><a href=\"https:\/\/maisondupain.alsace\/de\/voeux-2020\/\">V\u0153ux 2020<\/a><\/li>\n\t\t<li class=\"wsp-post\"><a href=\"https:\/\/maisondupain.alsace\/de\/les-galettes-des-rois\/\">Les galettes des rois<\/a><\/li>\n\t\t<li class=\"wsp-post\"><a href=\"https:\/\/maisondupain.alsace\/de\/le-pain-du-mois-de-decembre\/\">Le pain du mois de d\u00e9cembre<\/a><\/li>\n\t\t<li class=\"wsp-post\"><a href=\"https:\/\/maisondupain.alsace\/de\/le-fournil-de-noel-2\/\">Le fournil de No\u00ebl<\/a><\/li>\n<\/ul><\/li>\n<\/ul>\n<\/div><div class=\"wsp-container\"><\/div> &nbsp;<\/p>\n","protected":false},"author":1,"featured_media":0,"parent":0,"menu_order":0,"comment_status":"closed","ping_status":"closed","template":"","meta":{"_acf_changed":false,"_et_pb_use_builder":"on","_et_pb_old_content":"<ul><li><a href=\"http:\/\/maisondupain.org\/\">Accueil<\/a><\/li><li><a href=\"http:\/\/maisondupain.org\/musee\/\">Mus\u00e9e<\/a><\/li><li><a href=\"http:\/\/maisondupain.org\/fournil\/\">Fournil<\/a><\/li><li><a href=\"http:\/\/maisondupain.org\/preparer-sa-visite\/\">Pr\u00e9parer sa visite<\/a><\/li><li><a href=\"http:\/\/maisondupain.org\/category\/a-la-une\/\">A la Une<\/a><\/li><li><a href=\"http:\/\/maisondupain.org\/events\/\">Programme<\/a><\/li><li><a href=\"http:\/\/maisondupain.org\/infos-pratiques\/\">Nos horaires et tarifs<\/a><\/li><li><a href=\"http:\/\/maisondupain.org\/contact\/\">Contact<\/a><\/li><li><a href=\"http:\/\/maisondupain.org\/mentions-legales\/\">Mentions L\u00e9gales<\/a><\/li><li><a href=\"http:\/\/maisondupain.org\/plan-du-site\/\">Plan du site<\/a><\/li><\/ul>","_et_gb_content_width":"","footnotes":""},"class_list":["post-35777","page","type-page","status-publish","hentry"],"acf":[],"yoast_head":"<!-- This site is optimized with the Yoast SEO plugin v25.6 - https:\/\/yoast.com\/wordpress\/plugins\/seo\/ -->\n<title>Sitemap - Maison du Pain d&#039;Alsace<\/title>\n<meta name=\"robots\" content=\"index, follow, max-snippet:-1, max-image-preview:large, max-video-preview:-1\" \/>\n<link rel=\"canonical\" href=\"https:\/\/maisondupain.alsace\/plan-du-site\/\" \/>\n<meta property=\"og:locale\" content=\"de_DE\" \/>\n<meta property=\"og:type\" content=\"article\" \/>\n<meta property=\"og:title\" content=\"Sitemap - Maison du Pain d&#039;Alsace\" \/>\n<meta property=\"og:description\" content=\"&nbsp; &nbsp;\" \/>\n<meta property=\"og:url\" content=\"https:\/\/maisondupain.alsace\/plan-du-site\/\" \/>\n<meta property=\"og:site_name\" content=\"Maison du Pain d&#039;Alsace\" \/>\n<meta name=\"twitter:card\" content=\"summary_large_image\" \/>\n<meta name=\"twitter:label1\" content=\"Gesch\u00e4tzte Lesezeit\" \/>\n\t<meta name=\"twitter:data1\" content=\"1\u00a0Minute\" \/>\n<script type=\"application\/ld+json\" class=\"yoast-schema-graph\">{\"@context\":\"https:\/\/schema.org\",\"@graph\":[{\"@type\":\"WebPage\",\"@id\":\"https:\/\/maisondupain.alsace\/plan-du-site\/\",\"url\":\"https:\/\/maisondupain.alsace\/plan-du-site\/\",\"name\":\"Sitemap - Maison du Pain d&#039;Alsace\",\"isPartOf\":{\"@id\":\"https:\/\/maisondupain.alsace\/#website\"},\"datePublished\":\"2018-09-06T07:09:28+00:00\",\"breadcrumb\":{\"@id\":\"https:\/\/maisondupain.alsace\/plan-du-site\/#breadcrumb\"},\"inLanguage\":\"de\",\"potentialAction\":[{\"@type\":\"ReadAction\",\"target\":[\"https:\/\/maisondupain.alsace\/plan-du-site\/\"]}]},{\"@type\":\"BreadcrumbList\",\"@id\":\"https:\/\/maisondupain.alsace\/plan-du-site\/#breadcrumb\",\"itemListElement\":[{\"@type\":\"ListItem\",\"position\":1,\"name\":\"Accueil\",\"item\":\"https:\/\/maisondupain.alsace\/de\/\"},{\"@type\":\"ListItem\",\"position\":2,\"name\":\"Sitemap\"}]},{\"@type\":\"WebSite\",\"@id\":\"https:\/\/maisondupain.alsace\/#website\",\"url\":\"https:\/\/maisondupain.alsace\/\",\"name\":\"Maison du Pain d&#039;Alsace\",\"description\":\"Mus\u00e9e et Fournil \u00e0 S\u00e9lestat, au centre de l&#039;Alsace\",\"potentialAction\":[{\"@type\":\"SearchAction\",\"target\":{\"@type\":\"EntryPoint\",\"urlTemplate\":\"https:\/\/maisondupain.alsace\/?s={search_term_string}\"},\"query-input\":{\"@type\":\"PropertyValueSpecification\",\"valueRequired\":true,\"valueName\":\"search_term_string\"}}],\"inLanguage\":\"de\"}]}<\/script>\n<!-- \/ Yoast SEO plugin. -->","yoast_head_json":{"title":"Sitemap - Maison du Pain d&#039;Alsace","robots":{"index":"index","follow":"follow","max-snippet":"max-snippet:-1","max-image-preview":"max-image-preview:large","max-video-preview":"max-video-preview:-1"},"canonical":"https:\/\/maisondupain.alsace\/plan-du-site\/","og_locale":"de_DE","og_type":"article","og_title":"Sitemap - Maison du Pain d&#039;Alsace","og_description":"&nbsp; &nbsp;","og_url":"https:\/\/maisondupain.alsace\/plan-du-site\/","og_site_name":"Maison du Pain d&#039;Alsace","twitter_card":"summary_large_image","twitter_misc":{"Gesch\u00e4tzte Lesezeit":"1\u00a0Minute"},"schema":{"@context":"https:\/\/schema.org","@graph":[{"@type":"WebPage","@id":"https:\/\/maisondupain.alsace\/plan-du-site\/","url":"https:\/\/maisondupain.alsace\/plan-du-site\/","name":"Sitemap - Maison du Pain d&#039;Alsace","isPartOf":{"@id":"https:\/\/maisondupain.alsace\/#website"},"datePublished":"2018-09-06T07:09:28+00:00","breadcrumb":{"@id":"https:\/\/maisondupain.alsace\/plan-du-site\/#breadcrumb"},"inLanguage":"de","potentialAction":[{"@type":"ReadAction","target":["https:\/\/maisondupain.alsace\/plan-du-site\/"]}]},{"@type":"BreadcrumbList","@id":"https:\/\/maisondupain.alsace\/plan-du-site\/#breadcrumb","itemListElement":[{"@type":"ListItem","position":1,"name":"Accueil","item":"https:\/\/maisondupain.alsace\/de\/"},{"@type":"ListItem","position":2,"name":"Sitemap"}]},{"@type":"WebSite","@id":"https:\/\/maisondupain.alsace\/#website","url":"https:\/\/maisondupain.alsace\/","name":"Maison du Pain d&#039;Alsace","description":"Mus\u00e9e et Fournil \u00e0 S\u00e9lestat, au centre de l&#039;Alsace","potentialAction":[{"@type":"SearchAction","target":{"@type":"EntryPoint","urlTemplate":"https:\/\/maisondupain.alsace\/?s={search_term_string}"},"query-input":{"@type":"PropertyValueSpecification","valueRequired":true,"valueName":"search_term_string"}}],"inLanguage":"de"}]}},"jetpack_shortlink":"https:\/\/wp.me\/P9V72B-9j3","jetpack_sharing_enabled":true,"_links":{"self":[{"href":"https:\/\/maisondupain.alsace\/de\/wp-json\/wp\/v2\/pages\/35777","targetHints":{"allow":["GET"]}}],"collection":[{"href":"https:\/\/maisondupain.alsace\/de\/wp-json\/wp\/v2\/pages"}],"about":[{"href":"https:\/\/maisondupain.alsace\/de\/wp-json\/wp\/v2\/types\/page"}],"author":[{"embeddable":true,"href":"https:\/\/maisondupain.alsace\/de\/wp-json\/wp\/v2\/users\/1"}],"replies":[{"embeddable":true,"href":"https:\/\/maisondupain.alsace\/de\/wp-json\/wp\/v2\/comments?post=35777"}],"version-history":[{"count":0,"href":"https:\/\/maisondupain.alsace\/de\/wp-json\/wp\/v2\/pages\/35777\/revisions"}],"wp:attachment":[{"href":"https:\/\/maisondupain.alsace\/de\/wp-json\/wp\/v2\/media?parent=35777"}],"curies":[{"name":"wp","href":"https:\/\/api.w.org\/{rel}","templated":true}]}}