{"id":35780,"date":"2018-09-06T09:11:27","date_gmt":"2018-09-06T07:11:27","guid":{"rendered":"https:\/\/maisondupain.alsace\/?page_id=35780"},"modified":"2018-09-12T14:16:07","modified_gmt":"2018-09-12T12:16:07","slug":"nachrichten","status":"publish","type":"page","link":"https:\/\/maisondupain.alsace\/de\/nachrichten\/","title":{"rendered":"Nachrichten"},"content":{"rendered":"<p>[et_pb_section bb_built=&#8220;1&#8243; fullwidth=&#8220;on&#8220; _builder_version=&#8220;3.9&#8243; next_background_color=&#8220;#000000&#8243;][et_pb_fullwidth_header title=&#8220;Neuigkeiten&#8220; subhead=&#8220;Alle Neuigkeiten vom Maison du Pain d&#8217;Alsace&#8220; text_orientation=&#8220;center&#8220; header_scroll_down=&#8220;on&#8220; scroll_down_icon=&#8220;%%7%%&#8220; scroll_down_icon_color=&#8220;#fbcc3b&#8220; background_overlay_color=&#8220;rgba(0,0,0,0.4)&#8220; _builder_version=&#8220;3.13.1&#8243; title_font=&#8220;Bernierd||||||||&#8220; title_text_align=&#8220;center&#8220; title_text_color=&#8220;#ffffff&#8220; title_font_size=&#8220;80px&#8220; title_font_size_phone=&#8220;60px&#8220; title_font_size_last_edited=&#8220;on|phone&#8220; title_line_height=&#8220;1.2em&#8220; subhead_font=&#8220;Garamond||||||||&#8220; subhead_text_align=&#8220;center&#8220; subhead_text_color=&#8220;#ffffff&#8220; subhead_font_size=&#8220;30px&#8220; subhead_line_height=&#8220;1.2em&#8220; background_image=&#8220;https:\/\/maisondupain.alsace\/wp-content\/uploads\/2018\/08\/kougelhopfs-maison-du-pain-d-alsace-1.jpg&#8220; custom_padding=&#8220;100px||150px|&#8220; custom_css_title=&#8220;font-family:&#8217;BERNIERDistressed-Regular&#8216;, Arial, sans-serif !important;&#8220; \/][\/et_pb_section][et_pb_section bb_built=&#8220;1&#8243; _builder_version=&#8220;3.8&#8243; background_image=&#8220;http:\/\/maisondupain.alsace\/wp-content\/uploads\/2018\/06\/filigranev4.png&#8220; parallax=&#8220;on&#8220; custom_padding=&#8220;50px||50px|&#8220; prev_background_color=&#8220;#ffffff&#8220;][et_pb_row _builder_version=&#8220;3.0.48&#8243; background_size=&#8220;initial&#8220; background_position=&#8220;top_left&#8220; background_repeat=&#8220;repeat&#8220;][et_pb_column type=&#8220;4_4&#8243;][et_pb_blog posts_number=&#8220;3&#8243; include_categories=&#8220;8,10,1&#8243; meta_date=&#8220;j M, Y&#8220; show_more=&#8220;on&#8220; show_author=&#8220;off&#8220; show_categories=&#8220;off&#8220; module_id=&#8220;actusArchive&#8220; _builder_version=&#8220;3.9&#8243; \/][\/et_pb_column][\/et_pb_row][\/et_pb_section]<\/p>\n","protected":false},"excerpt":{"rendered":"","protected":false},"author":1,"featured_media":0,"parent":0,"menu_order":0,"comment_status":"closed","ping_status":"closed","template":"","meta":{"_acf_changed":false,"_et_pb_use_builder":"on","_et_pb_old_content":"","_et_gb_content_width":"","footnotes":""},"class_list":["post-35780","page","type-page","status-publish","hentry"],"acf":[],"yoast_head":"<!-- This site is optimized with the Yoast SEO plugin v25.6 - https:\/\/yoast.com\/wordpress\/plugins\/seo\/ -->\n<title>Nachrichten - Maison du Pain d&#039;Alsace<\/title>\n<meta name=\"robots\" content=\"index, follow, max-snippet:-1, max-image-preview:large, max-video-preview:-1\" \/>\n<link rel=\"canonical\" href=\"https:\/\/maisondupain.alsace\/a-la-une\/\" \/>\n<meta property=\"og:locale\" content=\"de_DE\" \/>\n<meta property=\"og:type\" content=\"article\" \/>\n<meta property=\"og:title\" content=\"Nachrichten - Maison du Pain d&#039;Alsace\" \/>\n<meta property=\"og:url\" content=\"https:\/\/maisondupain.alsace\/a-la-une\/\" \/>\n<meta property=\"og:site_name\" content=\"Maison du Pain d&#039;Alsace\" \/>\n<meta property=\"article:modified_time\" content=\"2018-09-12T12:16:07+00:00\" \/>\n<meta name=\"twitter:card\" content=\"summary_large_image\" \/>\n<meta name=\"twitter:label1\" content=\"Gesch\u00e4tzte Lesezeit\" \/>\n\t<meta name=\"twitter:data1\" content=\"1\u00a0Minute\" \/>\n<script type=\"application\/ld+json\" class=\"yoast-schema-graph\">{\"@context\":\"https:\/\/schema.org\",\"@graph\":[{\"@type\":\"WebPage\",\"@id\":\"https:\/\/maisondupain.alsace\/a-la-une\/\",\"url\":\"https:\/\/maisondupain.alsace\/a-la-une\/\",\"name\":\"Nachrichten - Maison du Pain d&#039;Alsace\",\"isPartOf\":{\"@id\":\"https:\/\/maisondupain.alsace\/#website\"},\"datePublished\":\"2018-09-06T07:11:27+00:00\",\"dateModified\":\"2018-09-12T12:16:07+00:00\",\"breadcrumb\":{\"@id\":\"https:\/\/maisondupain.alsace\/a-la-une\/#breadcrumb\"},\"inLanguage\":\"de\",\"potentialAction\":[{\"@type\":\"ReadAction\",\"target\":[\"https:\/\/maisondupain.alsace\/a-la-une\/\"]}]},{\"@type\":\"BreadcrumbList\",\"@id\":\"https:\/\/maisondupain.alsace\/a-la-une\/#breadcrumb\",\"itemListElement\":[{\"@type\":\"ListItem\",\"position\":1,\"name\":\"Accueil\",\"item\":\"https:\/\/maisondupain.alsace\/de\/\"},{\"@type\":\"ListItem\",\"position\":2,\"name\":\"Nachrichten\"}]},{\"@type\":\"WebSite\",\"@id\":\"https:\/\/maisondupain.alsace\/#website\",\"url\":\"https:\/\/maisondupain.alsace\/\",\"name\":\"Maison du Pain d&#039;Alsace\",\"description\":\"Mus\u00e9e et Fournil \u00e0 S\u00e9lestat, au centre de l&#039;Alsace\",\"potentialAction\":[{\"@type\":\"SearchAction\",\"target\":{\"@type\":\"EntryPoint\",\"urlTemplate\":\"https:\/\/maisondupain.alsace\/?s={search_term_string}\"},\"query-input\":{\"@type\":\"PropertyValueSpecification\",\"valueRequired\":true,\"valueName\":\"search_term_string\"}}],\"inLanguage\":\"de\"}]}<\/script>\n<!-- \/ Yoast SEO plugin. -->","yoast_head_json":{"title":"Nachrichten - Maison du Pain d&#039;Alsace","robots":{"index":"index","follow":"follow","max-snippet":"max-snippet:-1","max-image-preview":"max-image-preview:large","max-video-preview":"max-video-preview:-1"},"canonical":"https:\/\/maisondupain.alsace\/a-la-une\/","og_locale":"de_DE","og_type":"article","og_title":"Nachrichten - Maison du Pain d&#039;Alsace","og_url":"https:\/\/maisondupain.alsace\/a-la-une\/","og_site_name":"Maison du Pain d&#039;Alsace","article_modified_time":"2018-09-12T12:16:07+00:00","twitter_card":"summary_large_image","twitter_misc":{"Gesch\u00e4tzte Lesezeit":"1\u00a0Minute"},"schema":{"@context":"https:\/\/schema.org","@graph":[{"@type":"WebPage","@id":"https:\/\/maisondupain.alsace\/a-la-une\/","url":"https:\/\/maisondupain.alsace\/a-la-une\/","name":"Nachrichten - Maison du Pain d&#039;Alsace","isPartOf":{"@id":"https:\/\/maisondupain.alsace\/#website"},"datePublished":"2018-09-06T07:11:27+00:00","dateModified":"2018-09-12T12:16:07+00:00","breadcrumb":{"@id":"https:\/\/maisondupain.alsace\/a-la-une\/#breadcrumb"},"inLanguage":"de","potentialAction":[{"@type":"ReadAction","target":["https:\/\/maisondupain.alsace\/a-la-une\/"]}]},{"@type":"BreadcrumbList","@id":"https:\/\/maisondupain.alsace\/a-la-une\/#breadcrumb","itemListElement":[{"@type":"ListItem","position":1,"name":"Accueil","item":"https:\/\/maisondupain.alsace\/de\/"},{"@type":"ListItem","position":2,"name":"Nachrichten"}]},{"@type":"WebSite","@id":"https:\/\/maisondupain.alsace\/#website","url":"https:\/\/maisondupain.alsace\/","name":"Maison du Pain d&#039;Alsace","description":"Mus\u00e9e et Fournil \u00e0 S\u00e9lestat, au centre de l&#039;Alsace","potentialAction":[{"@type":"SearchAction","target":{"@type":"EntryPoint","urlTemplate":"https:\/\/maisondupain.alsace\/?s={search_term_string}"},"query-input":{"@type":"PropertyValueSpecification","valueRequired":true,"valueName":"search_term_string"}}],"inLanguage":"de"}]}},"jetpack_shortlink":"https:\/\/wp.me\/P9V72B-9j6","jetpack_sharing_enabled":true,"_links":{"self":[{"href":"https:\/\/maisondupain.alsace\/de\/wp-json\/wp\/v2\/pages\/35780","targetHints":{"allow":["GET"]}}],"collection":[{"href":"https:\/\/maisondupain.alsace\/de\/wp-json\/wp\/v2\/pages"}],"about":[{"href":"https:\/\/maisondupain.alsace\/de\/wp-json\/wp\/v2\/types\/page"}],"author":[{"embeddable":true,"href":"https:\/\/maisondupain.alsace\/de\/wp-json\/wp\/v2\/users\/1"}],"replies":[{"embeddable":true,"href":"https:\/\/maisondupain.alsace\/de\/wp-json\/wp\/v2\/comments?post=35780"}],"version-history":[{"count":0,"href":"https:\/\/maisondupain.alsace\/de\/wp-json\/wp\/v2\/pages\/35780\/revisions"}],"wp:attachment":[{"href":"https:\/\/maisondupain.alsace\/de\/wp-json\/wp\/v2\/media?parent=35780"}],"curies":[{"name":"wp","href":"https:\/\/api.w.org\/{rel}","templated":true}]}}