{"id":36032,"date":"2018-11-06T10:14:20","date_gmt":"2018-11-06T09:14:20","guid":{"rendered":"https:\/\/maisondupain.alsace\/?page_id=36032"},"modified":"2026-02-11T14:58:24","modified_gmt":"2026-02-11T13:58:24","slug":"contact","status":"publish","type":"page","link":"https:\/\/maisondupain.alsace\/en\/contact\/","title":{"rendered":"Contact"},"content":{"rendered":"<p>[et_pb_section fb_built=&#8221;1&#8243; fullwidth=&#8221;on&#8221; admin_label=&#8221;Section&#8221; _builder_version=&#8221;4.16&#8243; global_colors_info=&#8221;{}&#8221;][et_pb_fullwidth_header title=&#8221;contact&#8221; subhead=&#8221;All information to contact and visit us!&#8221; text_orientation=&#8221;center&#8221; header_scroll_down=&#8221;on&#8221; scroll_down_icon=&#8221;%%7%%&#8221; scroll_down_icon_color=&#8221;#fbcc3b&#8221; _builder_version=&#8221;4.16&#8243; title_font=&#8221;Bernierd||||||||&#8221; title_text_align=&#8221;center&#8221; title_text_color=&#8221;#ffffff&#8221; title_font_size=&#8221;80px&#8221; title_line_height=&#8221;1.2em&#8221; subhead_font=&#8221;Garamond||||||||&#8221; subhead_text_align=&#8221;center&#8221; subhead_text_color=&#8221;#ffffff&#8221; subhead_font_size=&#8221;30px&#8221; subhead_line_height=&#8221;1.2em&#8221; background_image=&#8221;https:\/\/maisondupain.alsace\/wp-content\/uploads\/2018\/05\/Maison-Du-Pain-Alsace-Selestat-Boulangerie-Mus\u00e9e-Animation-7.jpg&#8221; custom_padding=&#8221;100px||150px|&#8221; title_font_size_tablet=&#8221;&#8221; title_font_size_phone=&#8221;60px&#8221; title_font_size_last_edited=&#8221;on|phone&#8221; custom_css_title=&#8221;font-family:&#8217;BERNIERDistressed-Regular&#8217;, Arial, sans-serif !important;&#8221; global_colors_info=&#8221;{}&#8221; button_one_text_size__hover_enabled=&#8221;off&#8221; button_two_text_size__hover_enabled=&#8221;off&#8221; button_one_text_color__hover_enabled=&#8221;off&#8221; button_two_text_color__hover_enabled=&#8221;off&#8221; button_one_border_width__hover_enabled=&#8221;off&#8221; button_two_border_width__hover_enabled=&#8221;off&#8221; button_one_border_color__hover_enabled=&#8221;off&#8221; button_two_border_color__hover_enabled=&#8221;off&#8221; button_one_border_radius__hover_enabled=&#8221;off&#8221; button_two_border_radius__hover_enabled=&#8221;off&#8221; button_one_letter_spacing__hover_enabled=&#8221;off&#8221; button_two_letter_spacing__hover_enabled=&#8221;off&#8221; button_one_bg_color__hover_enabled=&#8221;off&#8221; button_two_bg_color__hover_enabled=&#8221;off&#8221;][\/et_pb_fullwidth_header][\/et_pb_section][et_pb_section fb_built=&#8221;1&#8243; _builder_version=&#8221;4.16&#8243; background_image=&#8221;https:\/\/maisondupain.alsace\/wp-content\/uploads\/2018\/06\/filigranev4.png&#8221; parallax=&#8221;on&#8221; custom_padding=&#8221;50px||50px|&#8221; global_colors_info=&#8221;{}&#8221;][et_pb_row column_structure=&#8221;1_3,2_3&#8243; use_custom_gutter=&#8221;on&#8221; gutter_width=&#8221;2&#8243; make_equal=&#8221;on&#8221; _builder_version=&#8221;4.16&#8243; global_colors_info=&#8221;{}&#8221;][et_pb_column type=&#8221;1_3&#8243; _builder_version=&#8221;4.16&#8243; custom_padding=&#8221;|||&#8221; global_colors_info=&#8221;{}&#8221; custom_padding__hover=&#8221;|||&#8221;][et_pb_text admin_label=&#8221;Coordon\u00e9es&#8221; _builder_version=&#8221;4.27.4&#8243; text_font=&#8221;Garamond|600|||||||&#8221; text_text_color=&#8221;#333333&#8243; header_2_font=&#8221;GT America|600||on|||||&#8221; header_2_text_color=&#8221;#b24b17&#8243; header_2_font_size=&#8221;34px&#8221; header_2_line_height=&#8221;1.2em&#8221; header_3_text_color=&#8221;#333333&#8243; hover_enabled=&#8221;0&#8243; global_colors_info=&#8221;{}&#8221; sticky_enabled=&#8221;0&#8243;]<\/p>\n<p><img loading=\"lazy\" decoding=\"async\" class=\"size-full wp-image-28852 alignnone\" src=\"https:\/\/maisondupain.alsace\/wp-content\/uploads\/2018\/05\/logo-taillemax.png\" alt=\"\" width=\"247\" height=\"179\" \/><\/p>\n<h2>Contact<\/h2>\n<p>7 rue du sel, 67600 S\u00c9LESTAT<\/p>\n<p>T\u00e9l : +33 (0)3 88 58 45 90<\/p>\n<p>Fax : +33 (0)3 88 58 45 95<\/p>\n<p><a href=\"mailto:contact@maisondupain.org\">contact@maisondupain.org<\/a><\/p>\n<p>[\/et_pb_text][\/et_pb_column][et_pb_column type=&#8221;2_3&#8243; _builder_version=&#8221;4.16&#8243; custom_padding=&#8221;|||&#8221; global_colors_info=&#8221;{}&#8221; custom_padding__hover=&#8221;|||&#8221;][et_pb_text admin_label=&#8221;Horaires&#8221; module_id=&#8221;Horaires&#8221; _builder_version=&#8221;4.27.4&#8243; text_text_color=&#8221;#b24b17&#8243; text_line_height=&#8221;1em&#8221; header_2_font=&#8221;GT America|600||on|||||&#8221; header_2_text_color=&#8221;#b24b17&#8243; header_2_font_size=&#8221;34px&#8221; header_2_line_height=&#8221;1.2em&#8221; header_3_font=&#8221;GT America|600||on|||||&#8221; header_3_text_color=&#8221;#b24b17&#8243; header_3_font_size=&#8221;24px&#8221; header_3_line_height=&#8221;1.2em&#8221; vertical_offset_tablet=&#8221;0&#8243; horizontal_offset_tablet=&#8221;0&#8243; custom_padding=&#8221;||20px|&#8221; hover_enabled=&#8221;0&#8243; z_index_tablet=&#8221;0&#8243; text_text_shadow_horizontal_length_tablet=&#8221;0px&#8221; text_text_shadow_vertical_length_tablet=&#8221;0px&#8221; text_text_shadow_blur_strength_tablet=&#8221;1px&#8221; link_text_shadow_horizontal_length_tablet=&#8221;0px&#8221; link_text_shadow_vertical_length_tablet=&#8221;0px&#8221; link_text_shadow_blur_strength_tablet=&#8221;1px&#8221; ul_text_shadow_horizontal_length_tablet=&#8221;0px&#8221; ul_text_shadow_vertical_length_tablet=&#8221;0px&#8221; ul_text_shadow_blur_strength_tablet=&#8221;1px&#8221; ol_text_shadow_horizontal_length_tablet=&#8221;0px&#8221; ol_text_shadow_vertical_length_tablet=&#8221;0px&#8221; ol_text_shadow_blur_strength_tablet=&#8221;1px&#8221; quote_text_shadow_horizontal_length_tablet=&#8221;0px&#8221; quote_text_shadow_vertical_length_tablet=&#8221;0px&#8221; quote_text_shadow_blur_strength_tablet=&#8221;1px&#8221; header_text_shadow_horizontal_length_tablet=&#8221;0px&#8221; header_text_shadow_vertical_length_tablet=&#8221;0px&#8221; header_text_shadow_blur_strength_tablet=&#8221;1px&#8221; header_2_text_shadow_horizontal_length_tablet=&#8221;0px&#8221; header_2_text_shadow_vertical_length_tablet=&#8221;0px&#8221; header_2_text_shadow_blur_strength_tablet=&#8221;1px&#8221; header_3_text_shadow_horizontal_length_tablet=&#8221;0px&#8221; header_3_text_shadow_vertical_length_tablet=&#8221;0px&#8221; header_3_text_shadow_blur_strength_tablet=&#8221;1px&#8221; header_4_text_shadow_horizontal_length_tablet=&#8221;0px&#8221; header_4_text_shadow_vertical_length_tablet=&#8221;0px&#8221; header_4_text_shadow_blur_strength_tablet=&#8221;1px&#8221; header_5_text_shadow_horizontal_length_tablet=&#8221;0px&#8221; header_5_text_shadow_vertical_length_tablet=&#8221;0px&#8221; header_5_text_shadow_blur_strength_tablet=&#8221;1px&#8221; header_6_text_shadow_horizontal_length_tablet=&#8221;0px&#8221; header_6_text_shadow_vertical_length_tablet=&#8221;0px&#8221; header_6_text_shadow_blur_strength_tablet=&#8221;1px&#8221; box_shadow_horizontal_tablet=&#8221;0px&#8221; box_shadow_vertical_tablet=&#8221;0px&#8221; box_shadow_blur_tablet=&#8221;40px&#8221; box_shadow_spread_tablet=&#8221;0px&#8221; inline_fonts=&#8221;Garamond,GT America&#8221; global_colors_info=&#8221;{}&#8221; sticky_enabled=&#8221;0&#8243;]<\/p>\n<h2 style=\"text-align: left;\"><strong style=\"font-family: inherit; font-size: x-large;\">Opening Hours 2026<\/strong><\/h2>\n<p><span style=\"font-family: inherit; font-weight: normal; font-size: medium;\"> <span style=\"font-size: 12pt;\">___<\/span><\/span><span style=\"font-family: inherit; font-weight: normal; font-size: medium;\"><span style=\"font-size: 12pt;\">_____________________________________<\/span><\/span><\/p>\n<p><span style=\"font-size: large;\"><strong><span style=\"font-family: Garamond;\">From January 2 to April 26 and from September 22 to November 22<\/span><\/strong><\/span><\/p>\n<p><span style=\"color: #b2623a;\">Tuesday to Saturday from <span style=\"text-decoration: underline;\">9 AM to 6 PM,<\/span> Sunday from <span style=\"text-decoration: underline;\">9 AM to 12:30 PM<\/span> and from <span style=\"text-decoration: underline;\">2 PM to 6 PM<\/span><\/span><\/p>\n<p>&nbsp;<\/p>\n<p><span style=\"font-size: 12pt;\"><span style=\"font-family: inherit; font-weight: normal; font-size: medium;\"><span style=\"color: #b2623a;\">Easter Weekend 2026<\/span><\/span><\/span><\/p>\n<p><span style=\"font-size: 12pt;\"><span style=\"font-family: inherit; font-weight: normal; font-size: medium;\"><span style=\"color: #b2623a;\">Good Friday and Easter Sunday from 9:00 AM to 12:30PM and from 2:00 PM to 6:00 PM<\/span><\/span><\/span><\/p>\n<p><span style=\"font-size: 12pt;\"><span style=\"font-family: inherit; font-weight: normal; font-size: medium;\"><span style=\"color: #b2623a;\">Easter Saturday from 9:00 AM to 6:00 PM<\/span><\/span><\/span><\/p>\n<p><span style=\"font-size: 12pt;\"><span style=\"font-family: inherit; font-weight: normal; font-size: medium;\">________________________________________<\/span><\/span><\/p>\n<p><span style=\"font-size: 12pt;\"><span style=\"font-family: inherit; font-weight: normal; font-size: medium;\"><span style=\"font-size: large;\"><strong><span style=\"font-family: Garamond;\">From April 28 to September 20<\/span><\/strong><\/span><\/span><\/span><\/p>\n<p><span style=\"color: #b2623a;\">Tuesday to Sunday from <span style=\"text-decoration: underline;\">9 AM to 6 PM<\/span><\/span><\/p>\n<p><span style=\"color: #b2623a;\"><span style=\"text-decoration: underline;\">Mai 23 open from 9 AM to 11PM<\/span><\/span><\/p>\n<p><span style=\"color: #b2623a;\"><span style=\"text-decoration: underline;\">June 21 open from 9 AM to 11PM<\/span><\/span><\/p>\n<p><span style=\"font-size: 12pt;\">________________________________<\/span><\/p>\n<p><span style=\"font-size: 12pt;\"><span style=\"font-family: inherit; font-weight: normal; font-size: medium;\"><span style=\"font-size: large;\"><strong><span style=\"font-family: Garamond;\">Christmas Bakery<\/span><\/strong><\/span><\/span><\/span><\/p>\n<p><span style=\"color: #b2623a;\">From Tuesay, November 24, to December 31 2026<\/span><\/p>\n<p><span style=\"color: #b2623a;\">Every day from <span style=\"text-decoration: underline;\">9 AM to 6 PM<\/span> (Tuesdays and Fridays until <span style=\"text-decoration: underline;\">6:30 PM<\/span>)<\/span><\/p>\n<p><span style=\"color: #b2623a;\">Open Decembre 24 from 8:00 AM to 14:00 PM<\/span><\/p>\n<p><span style=\"color: #b2623a;\">Open Decembre 31 from 9:00 AM to 14:00 PM<\/span><\/p>\n<p><span style=\"font-size: 12pt;\">________________________________<\/span><\/p>\n<p><span style=\"font-size: 12pt;\"><span style=\"font-family: inherit; font-weight: normal; font-size: medium;\"><span style=\"font-size: large;\"><strong><span style=\"font-family: Garamond;\">Exceptional closure<\/span><\/strong><\/span><\/span><\/span><\/p>\n<p><span style=\"color: #b2623a;\">From January 12 to February 2, inclusive.<\/span><\/p>\n<p><span style=\"color: #b2623a;\">Closed on January 1, May 1, November 1, and December 25\u201326<\/span><\/p>\n<p>&nbsp;<\/p>\n<p>[\/et_pb_text][et_pb_text disabled_on=&#8221;on|on|on&#8221; admin_label=&#8221;Horaires&#8221; _builder_version=&#8221;4.16&#8243; text_font=&#8221;Garamond|600|||||||&#8221; text_text_color=&#8221;#333333&#8243; header_2_font=&#8221;GT America|600||on|||||&#8221; header_2_text_align=&#8221;left&#8221; header_2_text_color=&#8221;#b24b17&#8243; header_2_font_size=&#8221;34px&#8221; header_2_line_height=&#8221;1.2em&#8221; header_3_text_color=&#8221;#333333&#8243; hover_enabled=&#8221;0&#8243; disabled=&#8221;on&#8221; global_colors_info=&#8221;{}&#8221; sticky_enabled=&#8221;0&#8243;]<\/p>\n<h2>Opening hours<\/h2>\n<p><em><span class=\"italic garamond\">October to November \u2013 January to April<\/span><\/em> <strong><span class=\"america\">Tuesday to Saturday from 9h to 12h30 and from 14h to 18h<\/span><\/strong> <strong><span class=\"america\">Sunday from 9h to 12h30 and from 14h to 17h30<\/span><\/strong> <em><span class=\"italic garamond\">December<\/span><\/em> <strong><span class=\"america\">Every day from 9h to 18h &#8211; 18h30 on Tuesdays and Fridays<\/span><\/strong> <strong><span class=\"america\">Open on 24 and 31\/12 from 9h to 14h<\/span><\/strong> <em><span class=\"italic garamond\">Closed: November 1st, January 1st, May 1st, December 25th and December 26th, From January 14th to February 4th <\/span><\/em><\/p>\n<p>[\/et_pb_text][\/et_pb_column][\/et_pb_row][\/et_pb_section][et_pb_section fb_built=&#8221;1&#8243; fullwidth=&#8221;on&#8221; _builder_version=&#8221;4.16&#8243; global_colors_info=&#8221;{}&#8221;][et_pb_fullwidth_map address=&#8221;Rue du Sel, 67600 S\u00e9lestat, France&#8221; address_lat=&#8221;48.25996745852553&#8243; address_lng=&#8221;7.455768433204639&#8243; mouse_wheel=&#8221;off&#8221; _builder_version=&#8221;4.16&#8243; global_colors_info=&#8221;{}&#8221;][et_pb_map_pin title=&#8221;Maison du Pain d&#8217;Alsace&#8221; pin_address=&#8221;7 Rue du Sel, 67600 S\u00e9lestat, France&#8221; pin_address_lat=&#8221;48.25993174479981&#8243; pin_address_lng=&#8221;7.455671873680103&#8243; _builder_version=&#8221;3.8&#8243; global_colors_info=&#8221;{}&#8221;][\/et_pb_map_pin][\/et_pb_fullwidth_map][\/et_pb_section]<\/p>\n","protected":false},"excerpt":{"rendered":"<p>Contact 7 rue du sel, 67600 S\u00c9LESTAT T\u00e9l : +33 (0)3 88 58 45 90 Fax : +33 (0)3 88 58 45 95 contact@maisondupain.orgOpening Hours 2026 ________________________________________ From January 2 [&hellip;]<\/p>\n","protected":false},"author":1,"featured_media":0,"parent":0,"menu_order":0,"comment_status":"closed","ping_status":"closed","template":"","meta":{"_acf_changed":false,"_et_pb_use_builder":"on","_et_pb_old_content":"<p>[fullwidth background_color=\"\" background_image=\"\" background_parallax=\"none\" enable_mobile=\"no\" parallax_speed=\"0.3\" background_repeat=\"no-repeat\" background_position=\"left top\" video_url=\"\" video_aspect_ratio=\"16:9\" video_webm=\"\" video_mp4=\"\" video_ogv=\"\" video_preview_image=\"\" overlay_color=\"\" overlay_opacity=\"0.5\" video_mute=\"yes\" video_loop=\"yes\" fade=\"no\" border_size=\"0px\" border_color=\"\" border_style=\"\" padding_top=\"20\" padding_bottom=\"20\" padding_left=\"\" padding_right=\"\" hundred_percent=\"no\" equal_height_columns=\"no\" hide_on_mobile=\"no\" menu_anchor=\"\" class=\"\" id=\"\"][one_half last=\"no\" spacing=\"yes\" center_content=\"no\" hide_on_mobile=\"no\" background_color=\"\" background_image=\"\" background_repeat=\"no-repeat\" background_position=\"left top\" hover_type=\"none\" link=\"\" border_position=\"all\" border_size=\"0px\" border_color=\"\" border_style=\"\" padding=\"\" margin_top=\"\" margin_bottom=\"\" animation_type=\"\" animation_direction=\"\" animation_speed=\"0.1\" animation_offset=\"\" class=\"\" id=\"\"][fusion_text]<\/p><div class=\"coordonnee_contact\"><h2>\u00a0Contact<\/h2><p><strong>La Maison du Pain d'Alsace<\/strong><\/p><p class=\"adresse_contact\">rue du sel<br \/>67600 SELESTAT<\/p><p class=\"tel_contact\">Tel : + 33 (0)3 88 58 45 90<\/p><p class=\"fax_contact\">Fax : + 33 (0)3 88 58 45 95<\/p><p class=\"mail_contact\"><a href=\"mailto:contact@maisondupain.org\">contact@maisondupain.org<\/a><\/p><\/div><p>[\/fusion_text][\/one_half][one_half last=\"yes\" spacing=\"yes\" center_content=\"no\" hide_on_mobile=\"no\" background_color=\"\" background_image=\"\" background_repeat=\"no-repeat\" background_position=\"left top\" hover_type=\"none\" link=\"\" border_position=\"all\" border_size=\"0px\" border_color=\"\" border_style=\"\" padding=\"\" margin_top=\"\" margin_bottom=\"\" animation_type=\"\" animation_direction=\"\" animation_speed=\"0.1\" animation_offset=\"\" class=\"\" id=\"\"][fusion_text][contact-form-7 id=\"156\" title=\"Formulaire de contact 1\"]<\/p><p>Les informations recueillies sur ce formulaire sont enregistr\u00e9es dans un fichier informatis\u00e9 par la Maison du Pain d'Alsace uniquement dans le but de vous recontacter.<\/p><p><span style=\"font-size: 10pt;\"> Elles sont conserv\u00e9es jusqu'\u00e0 fin d'autorisation \u00e9crite de chaque personne et sont destin\u00e9es uniquement \u00e0 la Maison du Pain d'Alsace.<\/span><br \/><span style=\"font-size: 10pt;\"> Conform\u00e9ment \u00e0 la loi \u00ab informatique et libert\u00e9s \u00bb, vous pouvez exercer votre droit d'acc\u00e8s aux donn\u00e9es vous concernant et les faire rectifier en contactant : contact@maisondupain.org<\/span>[\/fusion_text][\/one_half][\/fullwidth][fullwidth background_color=\"\" background_image=\"\" background_parallax=\"none\" enable_mobile=\"no\" parallax_speed=\"0.3\" background_repeat=\"no-repeat\" background_position=\"left top\" video_url=\"\" video_aspect_ratio=\"16:9\" video_webm=\"\" video_mp4=\"\" video_ogv=\"\" video_preview_image=\"\" overlay_color=\"\" overlay_opacity=\"0.5\" video_mute=\"yes\" video_loop=\"yes\" fade=\"no\" border_size=\"0px\" border_color=\"\" border_style=\"solid\" padding_top=\"20\" padding_bottom=\"20\" padding_left=\"0px\" padding_right=\"0px\" hundred_percent=\"yes\" equal_height_columns=\"no\" hide_on_mobile=\"no\" menu_anchor=\"\" class=\"\" id=\"\"][fusion_text]<iframe src=\"https:\/\/www.google.com\/maps\/d\/embed?mid=1CkeoLkFveW46hhEaBZr0GO6Mg5o\" width=\"100%\" height=\"300\"><\/iframe>[\/fusion_text][\/fullwidth]<\/p>","_et_gb_content_width":"","footnotes":""},"class_list":["post-36032","page","type-page","status-publish","hentry"],"acf":[],"yoast_head":"<!-- This site is optimized with the Yoast SEO plugin v25.6 - https:\/\/yoast.com\/wordpress\/plugins\/seo\/ -->\n<title>Contact - Maison du Pain d&#039;Alsace<\/title>\n<meta name=\"robots\" content=\"index, follow, max-snippet:-1, max-image-preview:large, max-video-preview:-1\" \/>\n<link rel=\"canonical\" href=\"https:\/\/maisondupain.alsace\/en\/contact\/\" \/>\n<meta property=\"og:locale\" content=\"en_US\" \/>\n<meta property=\"og:type\" content=\"article\" \/>\n<meta property=\"og:title\" content=\"Contact - Maison du Pain d&#039;Alsace\" \/>\n<meta property=\"og:description\" content=\"Contact 7 rue du sel, 67600 S\u00c9LESTAT T\u00e9l : +33 (0)3 88 58 45 90 Fax : +33 (0)3 88 58 45 95 contact@maisondupain.orgOpening Hours 2026 ________________________________________ From January 2 [&hellip;]\" \/>\n<meta property=\"og:url\" content=\"https:\/\/maisondupain.alsace\/en\/contact\/\" \/>\n<meta property=\"og:site_name\" content=\"Maison du Pain d&#039;Alsace\" \/>\n<meta property=\"article:modified_time\" content=\"2026-02-11T13:58:24+00:00\" \/>\n<meta property=\"og:image\" content=\"https:\/\/maisondupain.alsace\/wp-content\/uploads\/2018\/05\/logo-taillemax.png\" \/>\n\t<meta property=\"og:image:width\" content=\"247\" \/>\n\t<meta property=\"og:image:height\" content=\"179\" \/>\n\t<meta property=\"og:image:type\" content=\"image\/png\" \/>\n<meta name=\"twitter:card\" content=\"summary_large_image\" \/>\n<script type=\"application\/ld+json\" class=\"yoast-schema-graph\">{\"@context\":\"https:\/\/schema.org\",\"@graph\":[{\"@type\":\"WebPage\",\"@id\":\"https:\/\/maisondupain.alsace\/en\/contact\/\",\"url\":\"https:\/\/maisondupain.alsace\/en\/contact\/\",\"name\":\"Contact - Maison du Pain d&#039;Alsace\",\"isPartOf\":{\"@id\":\"https:\/\/maisondupain.alsace\/#website\"},\"primaryImageOfPage\":{\"@id\":\"https:\/\/maisondupain.alsace\/en\/contact\/#primaryimage\"},\"image\":{\"@id\":\"https:\/\/maisondupain.alsace\/en\/contact\/#primaryimage\"},\"thumbnailUrl\":\"https:\/\/maisondupain.alsace\/wp-content\/uploads\/2018\/05\/logo-taillemax.png\",\"datePublished\":\"2018-11-06T09:14:20+00:00\",\"dateModified\":\"2026-02-11T13:58:24+00:00\",\"breadcrumb\":{\"@id\":\"https:\/\/maisondupain.alsace\/en\/contact\/#breadcrumb\"},\"inLanguage\":\"en-US\",\"potentialAction\":[{\"@type\":\"ReadAction\",\"target\":[\"https:\/\/maisondupain.alsace\/en\/contact\/\"]}]},{\"@type\":\"ImageObject\",\"inLanguage\":\"en-US\",\"@id\":\"https:\/\/maisondupain.alsace\/en\/contact\/#primaryimage\",\"url\":\"https:\/\/maisondupain.alsace\/wp-content\/uploads\/2018\/05\/logo-taillemax.png\",\"contentUrl\":\"https:\/\/maisondupain.alsace\/wp-content\/uploads\/2018\/05\/logo-taillemax.png\"},{\"@type\":\"BreadcrumbList\",\"@id\":\"https:\/\/maisondupain.alsace\/en\/contact\/#breadcrumb\",\"itemListElement\":[{\"@type\":\"ListItem\",\"position\":1,\"name\":\"Accueil\",\"item\":\"https:\/\/maisondupain.alsace\/en\/\"},{\"@type\":\"ListItem\",\"position\":2,\"name\":\"Contact\"}]},{\"@type\":\"WebSite\",\"@id\":\"https:\/\/maisondupain.alsace\/#website\",\"url\":\"https:\/\/maisondupain.alsace\/\",\"name\":\"Maison du Pain d&#039;Alsace\",\"description\":\"Mus\u00e9e et Fournil \u00e0 S\u00e9lestat, au centre de l&#039;Alsace\",\"potentialAction\":[{\"@type\":\"SearchAction\",\"target\":{\"@type\":\"EntryPoint\",\"urlTemplate\":\"https:\/\/maisondupain.alsace\/?s={search_term_string}\"},\"query-input\":{\"@type\":\"PropertyValueSpecification\",\"valueRequired\":true,\"valueName\":\"search_term_string\"}}],\"inLanguage\":\"en-US\"}]}<\/script>\n<!-- \/ Yoast SEO plugin. -->","yoast_head_json":{"title":"Contact - Maison du Pain d&#039;Alsace","robots":{"index":"index","follow":"follow","max-snippet":"max-snippet:-1","max-image-preview":"max-image-preview:large","max-video-preview":"max-video-preview:-1"},"canonical":"https:\/\/maisondupain.alsace\/en\/contact\/","og_locale":"en_US","og_type":"article","og_title":"Contact - Maison du Pain d&#039;Alsace","og_description":"Contact 7 rue du sel, 67600 S\u00c9LESTAT T\u00e9l : +33 (0)3 88 58 45 90 Fax : +33 (0)3 88 58 45 95 contact@maisondupain.orgOpening Hours 2026 ________________________________________ From January 2 [&hellip;]","og_url":"https:\/\/maisondupain.alsace\/en\/contact\/","og_site_name":"Maison du Pain d&#039;Alsace","article_modified_time":"2026-02-11T13:58:24+00:00","og_image":[{"width":247,"height":179,"url":"https:\/\/maisondupain.alsace\/wp-content\/uploads\/2018\/05\/logo-taillemax.png","type":"image\/png"}],"twitter_card":"summary_large_image","schema":{"@context":"https:\/\/schema.org","@graph":[{"@type":"WebPage","@id":"https:\/\/maisondupain.alsace\/en\/contact\/","url":"https:\/\/maisondupain.alsace\/en\/contact\/","name":"Contact - Maison du Pain d&#039;Alsace","isPartOf":{"@id":"https:\/\/maisondupain.alsace\/#website"},"primaryImageOfPage":{"@id":"https:\/\/maisondupain.alsace\/en\/contact\/#primaryimage"},"image":{"@id":"https:\/\/maisondupain.alsace\/en\/contact\/#primaryimage"},"thumbnailUrl":"https:\/\/maisondupain.alsace\/wp-content\/uploads\/2018\/05\/logo-taillemax.png","datePublished":"2018-11-06T09:14:20+00:00","dateModified":"2026-02-11T13:58:24+00:00","breadcrumb":{"@id":"https:\/\/maisondupain.alsace\/en\/contact\/#breadcrumb"},"inLanguage":"en-US","potentialAction":[{"@type":"ReadAction","target":["https:\/\/maisondupain.alsace\/en\/contact\/"]}]},{"@type":"ImageObject","inLanguage":"en-US","@id":"https:\/\/maisondupain.alsace\/en\/contact\/#primaryimage","url":"https:\/\/maisondupain.alsace\/wp-content\/uploads\/2018\/05\/logo-taillemax.png","contentUrl":"https:\/\/maisondupain.alsace\/wp-content\/uploads\/2018\/05\/logo-taillemax.png"},{"@type":"BreadcrumbList","@id":"https:\/\/maisondupain.alsace\/en\/contact\/#breadcrumb","itemListElement":[{"@type":"ListItem","position":1,"name":"Accueil","item":"https:\/\/maisondupain.alsace\/en\/"},{"@type":"ListItem","position":2,"name":"Contact"}]},{"@type":"WebSite","@id":"https:\/\/maisondupain.alsace\/#website","url":"https:\/\/maisondupain.alsace\/","name":"Maison du Pain d&#039;Alsace","description":"Mus\u00e9e et Fournil \u00e0 S\u00e9lestat, au centre de l&#039;Alsace","potentialAction":[{"@type":"SearchAction","target":{"@type":"EntryPoint","urlTemplate":"https:\/\/maisondupain.alsace\/?s={search_term_string}"},"query-input":{"@type":"PropertyValueSpecification","valueRequired":true,"valueName":"search_term_string"}}],"inLanguage":"en-US"}]}},"jetpack_shortlink":"https:\/\/wp.me\/P9V72B-9na","jetpack_sharing_enabled":true,"_links":{"self":[{"href":"https:\/\/maisondupain.alsace\/en\/wp-json\/wp\/v2\/pages\/36032","targetHints":{"allow":["GET"]}}],"collection":[{"href":"https:\/\/maisondupain.alsace\/en\/wp-json\/wp\/v2\/pages"}],"about":[{"href":"https:\/\/maisondupain.alsace\/en\/wp-json\/wp\/v2\/types\/page"}],"author":[{"embeddable":true,"href":"https:\/\/maisondupain.alsace\/en\/wp-json\/wp\/v2\/users\/1"}],"replies":[{"embeddable":true,"href":"https:\/\/maisondupain.alsace\/en\/wp-json\/wp\/v2\/comments?post=36032"}],"version-history":[{"count":0,"href":"https:\/\/maisondupain.alsace\/en\/wp-json\/wp\/v2\/pages\/36032\/revisions"}],"wp:attachment":[{"href":"https:\/\/maisondupain.alsace\/en\/wp-json\/wp\/v2\/media?parent=36032"}],"curies":[{"name":"wp","href":"https:\/\/api.w.org\/{rel}","templated":true}]}}