{"id":36037,"date":"2018-11-06T10:17:38","date_gmt":"2018-11-06T09:17:38","guid":{"rendered":"https:\/\/maisondupain.alsace\/?page_id=36037"},"modified":"2018-11-06T11:59:37","modified_gmt":"2018-11-06T10:59:37","slug":"sitemap","status":"publish","type":"page","link":"https:\/\/maisondupain.alsace\/en\/sitemap\/","title":{"rendered":"Sitemap"},"content":{"rendered":"<p>[et_pb_section bb_built=&#8221;1&#8243; fullwidth=&#8221;on&#8221; _builder_version=&#8221;3.9&#8243; next_background_color=&#8221;#000000&#8243;][et_pb_fullwidth_header title=&#8221;sitemap&#8221; text_orientation=&#8221;center&#8221; header_scroll_down=&#8221;on&#8221; scroll_down_icon=&#8221;%%7%%&#8221; scroll_down_icon_color=&#8221;#fbcc3b&#8221; background_overlay_color=&#8221;rgba(0,0,0,0.4)&#8221; _builder_version=&#8221;3.15&#8243; title_font=&#8221;Bernierd||||||||&#8221; title_text_align=&#8221;center&#8221; title_text_color=&#8221;#ffffff&#8221; title_font_size=&#8221;80px&#8221; title_line_height=&#8221;1.2em&#8221; subhead_font=&#8221;Garamond||||||||&#8221; subhead_text_align=&#8221;center&#8221; subhead_text_color=&#8221;#ffffff&#8221; subhead_font_size=&#8221;30px&#8221; subhead_line_height=&#8221;1.2em&#8221; background_image=&#8221;http:\/\/maisondupain.alsace\/wp-content\/uploads\/2018\/05\/Maison-Du-Pain-Alsace-Selestat-Boulangerie-Mus\u00e9e-Animation-3.jpg&#8221; background_position=&#8221;bottom_center&#8221; custom_padding=&#8221;100px||150px|&#8221; custom_css_title=&#8221;font-family:&#8217;BERNIERDistressed-Regular&#8217;, Arial, sans-serif !important;&#8221; title_font_size_last_edited=&#8221;on|phone&#8221; title_font_size_phone=&#8221;60px&#8221; \/][\/et_pb_section][et_pb_section bb_built=&#8221;1&#8243; prev_background_color=&#8221;#ffffff&#8221; _builder_version=&#8221;3.9&#8243; background_image=&#8221;http:\/\/maisondupain.alsace\/wp-content\/uploads\/2018\/06\/filigranev4.png&#8221; parallax=&#8221;on&#8221; custom_padding=&#8221;50px||50px|&#8221;][et_pb_row][et_pb_column type=&#8221;4_4&#8243;][et_pb_text _builder_version=&#8221;3.13.1&#8243;]<\/p>\n<p>&nbsp;<\/p>\n<p><div class=\"wsp-container\"><h2 class=\"wsp-pages-title\">Pages<\/h2>\n<ul class=\"wsp-pages-list\">\n<li class=\"page_item page-item-36022\"><a href=\"https:\/\/maisondupain.alsace\/en\/bakery\/\">Bakery<\/a><\/li>\n<li class=\"page_item page-item-36032\"><a href=\"https:\/\/maisondupain.alsace\/en\/contact\/\">Contact<\/a><\/li>\n<li class=\"page_item page-item-36010\"><a href=\"https:\/\/maisondupain.alsace\/en\/\">Home<\/a><\/li>\n<li class=\"page_item page-item-36040\"><a href=\"https:\/\/maisondupain.alsace\/en\/legal-notice\/\">Legal Notice<\/a><\/li>\n<li class=\"page_item page-item-37617\"><a href=\"https:\/\/maisondupain.alsace\/en\/liste-des-produits\/\">Liste des produits<\/a><\/li>\n<li class=\"page_item page-item-38327\"><a href=\"https:\/\/maisondupain.alsace\/en\/mon-compte\/\">Mon compte<\/a><\/li>\n<li class=\"page_item page-item-36019\"><a href=\"https:\/\/maisondupain.alsace\/en\/museum\/\">Museum<\/a><\/li>\n<li class=\"page_item page-item-36028\"><a href=\"https:\/\/maisondupain.alsace\/en\/news\/\">News<\/a><\/li>\n<li class=\"page_item page-item-43072\"><a href=\"https:\/\/maisondupain.alsace\/en\/noel\/\">Noel \u00e0 S\u00e9lestat<\/a><\/li>\n<li class=\"page_item page-item-38325\"><a href=\"https:\/\/maisondupain.alsace\/en\/panier\/\">Panier<\/a><\/li>\n<li class=\"page_item page-item-36025\"><a href=\"https:\/\/maisondupain.alsace\/en\/prepare-your-visit\/\">Prepare your visit<\/a><\/li>\n<li class=\"page_item page-item-36035\"><a href=\"https:\/\/maisondupain.alsace\/en\/privacy-policy\/\">Privacy policy<\/a><\/li>\n<li class=\"page_item page-item-36037\"><a href=\"https:\/\/maisondupain.alsace\/en\/sitemap\/\">Sitemap<\/a><\/li>\n<li class=\"page_item page-item-37651\"><a href=\"https:\/\/maisondupain.alsace\/en\/test2\/\">test2<\/a><\/li>\n<li class=\"page_item page-item-38326\"><a href=\"https:\/\/maisondupain.alsace\/en\/commander\/\">Validation de la commande<\/a><\/li>\n<\/ul>\n<\/div><div class=\"wsp-container\"><h2 class=\"wsp-posts-title\">Posts by category<\/h2>\n<ul class=\"wsp-posts-list\">\n\t<li><strong class=\"wsp-category-title\">Category: <a href=\"https:\/\/maisondupain.alsace\/en\/category\/uncategorized\/\">Uncategorized<\/a><\/strong>\n<ul class=\"wsp-posts-list\">\t\t<li class=\"wsp-post\"><a href=\"https:\/\/maisondupain.alsace\/en\/this-summer-get-your-hands-in-the-dough-at-la-maison-du-pain-2\/\">This Summer, Get Your Hands in the Dough at La Maison du Pain !<\/a><\/li>\n\t\t<li class=\"wsp-post\"><a href=\"https:\/\/maisondupain.alsace\/en\/this-summer-get-your-hands-in-the-dough-at-la-maison-du-pain\/\">~ Guided Tour \u201cUn Stuck d\u2019Histoire et de Gourmandise\u201d ~<\/a><\/li>\n\t\t<li class=\"wsp-post\"><a href=\"https:\/\/maisondupain.alsace\/en\/easter-stand-at-caveau-sainte-barbe\/\">Easter Stand at Caveau Sainte-Barbe<\/a><\/li>\n\t\t<li class=\"wsp-post\"><a href=\"https:\/\/maisondupain.alsace\/en\/mystery-and-easter-eggs-%f0%9f%95%b5%ef%b8%8f%e2%99%82%ef%b8%8f%f0%9f%a5%9a\/\">MYSTERY AND EASTER EGGS \ud83d\udd75\ufe0f\u200d\u2642\ufe0f\ud83e\udd5a<\/a><\/li>\n\t\t<li class=\"wsp-post\"><a href=\"https:\/\/maisondupain.alsace\/en\/elsass-easter-brunch\/\">Elsass Easter Brunch<\/a><\/li>\n\t\t<li class=\"wsp-post\"><a href=\"https:\/\/maisondupain.alsace\/en\/annual-leave\/\">~ Annual leave ~<\/a><\/li>\n\t\t<li class=\"wsp-post\"><a href=\"https:\/\/maisondupain.alsace\/en\/the-maison-du-pain-reopens-its-doors-on-february-6-2024\/\">The Maison du Pain reopens its doors on February 6, 2024 !<\/a><\/li>\n\t\t<li class=\"wsp-post\"><a href=\"https:\/\/maisondupain.alsace\/en\/tasteful-tours-at-the-museum-new\/\">TASTEFUL TOURS AT THE MUSEUM (New)<\/a><\/li>\n\t\t<li class=\"wsp-post\"><a href=\"https:\/\/maisondupain.alsace\/en\/enjoy-christmas-at-maison-du-pain-dalsace\/\">ENJOY CHRISTMAS AT &#8220;MAISON DU PAIN D&#8217;ALSACE&#8221;<\/a><\/li>\n\t\t<li class=\"wsp-post\"><a href=\"https:\/\/maisondupain.alsace\/en\/open-house-sunday-december-10-2023\/\">OPEN HOUSE Sunday, December 10, 2023<\/a><\/li>\n\t\t<li class=\"wsp-post\"><a href=\"https:\/\/maisondupain.alsace\/en\/2023\/\">2023<\/a><\/li>\n\t\t<li class=\"wsp-post\"><a href=\"https:\/\/maisondupain.alsace\/en\/le-fournil-de-noel-4\/\">LE FOURNIL DE NO\u00cbL<\/a><\/li>\n\t\t<li class=\"wsp-post\"><a href=\"https:\/\/maisondupain.alsace\/en\/notre-nouvelle-visite-guidee-gourmande-pour-les-groupes\/\">Notre nouvelle visite guid\u00e9e gourmande pour les groupes<\/a><\/li>\n\t\t<li class=\"wsp-post\"><a href=\"https:\/\/maisondupain.alsace\/en\/paques-le-sais-tu\/\">PAQUES &#8211; LE SAIS TU ?<\/a><\/li>\n\t\t<li class=\"wsp-post\"><a href=\"https:\/\/maisondupain.alsace\/en\/week-end-de-paques\/\">Week-end de P\u00e2ques<\/a><\/li>\n\t\t<li class=\"wsp-post\"><a href=\"https:\/\/maisondupain.alsace\/en\/voeux-2020\/\">V\u0153ux 2020<\/a><\/li>\n\t\t<li class=\"wsp-post\"><a href=\"https:\/\/maisondupain.alsace\/en\/les-galettes-des-rois\/\">Les galettes des rois<\/a><\/li>\n\t\t<li class=\"wsp-post\"><a href=\"https:\/\/maisondupain.alsace\/en\/le-pain-du-mois-de-decembre\/\">Le pain du mois de d\u00e9cembre<\/a><\/li>\n\t\t<li class=\"wsp-post\"><a href=\"https:\/\/maisondupain.alsace\/en\/le-fournil-de-noel-2\/\">Le fournil de No\u00ebl<\/a><\/li>\n<\/ul><\/li>\n<\/ul>\n<\/div><div class=\"wsp-container\"><\/div><\/p>\n<p>&nbsp;<\/p>\n<p>[\/et_pb_text][\/et_pb_column][\/et_pb_row][\/et_pb_section]<\/p>\n","protected":false},"excerpt":{"rendered":"<p><div class=\"et_pb_row et_pb_row_0 et_pb_row_empty\">\n\t\t\t\t\n\t\t\t\t\n\t\t\t\t\n\t\t\t\t\n\t\t\t\t\n\t\t\t<\/div> &nbsp; <div class=\"wsp-container\"><h2 class=\"wsp-pages-title\">Pages<\/h2>\n<ul class=\"wsp-pages-list\">\n<li class=\"page_item page-item-36022\"><a href=\"https:\/\/maisondupain.alsace\/en\/bakery\/\">Bakery<\/a><\/li>\n<li class=\"page_item page-item-36032\"><a href=\"https:\/\/maisondupain.alsace\/en\/contact\/\">Contact<\/a><\/li>\n<li class=\"page_item page-item-36010\"><a href=\"https:\/\/maisondupain.alsace\/en\/\">Home<\/a><\/li>\n<li class=\"page_item page-item-36040\"><a href=\"https:\/\/maisondupain.alsace\/en\/legal-notice\/\">Legal Notice<\/a><\/li>\n<li class=\"page_item page-item-37617\"><a href=\"https:\/\/maisondupain.alsace\/en\/liste-des-produits\/\">Liste des produits<\/a><\/li>\n<li class=\"page_item page-item-38327\"><a href=\"https:\/\/maisondupain.alsace\/en\/mon-compte\/\">Mon compte<\/a><\/li>\n<li class=\"page_item page-item-36019\"><a href=\"https:\/\/maisondupain.alsace\/en\/museum\/\">Museum<\/a><\/li>\n<li class=\"page_item page-item-36028\"><a href=\"https:\/\/maisondupain.alsace\/en\/news\/\">News<\/a><\/li>\n<li class=\"page_item page-item-43072\"><a href=\"https:\/\/maisondupain.alsace\/en\/noel\/\">Noel \u00e0 S\u00e9lestat<\/a><\/li>\n<li class=\"page_item page-item-38325\"><a href=\"https:\/\/maisondupain.alsace\/en\/panier\/\">Panier<\/a><\/li>\n<li class=\"page_item page-item-36025\"><a href=\"https:\/\/maisondupain.alsace\/en\/prepare-your-visit\/\">Prepare your visit<\/a><\/li>\n<li class=\"page_item page-item-36035\"><a href=\"https:\/\/maisondupain.alsace\/en\/privacy-policy\/\">Privacy policy<\/a><\/li>\n<li class=\"page_item page-item-36037\"><a href=\"https:\/\/maisondupain.alsace\/en\/sitemap\/\">Sitemap<\/a><\/li>\n<li class=\"page_item page-item-37651\"><a href=\"https:\/\/maisondupain.alsace\/en\/test2\/\">test2<\/a><\/li>\n<li class=\"page_item page-item-38326\"><a href=\"https:\/\/maisondupain.alsace\/en\/commander\/\">Validation de la commande<\/a><\/li>\n<\/ul>\n<\/div><div class=\"wsp-container\"><h2 class=\"wsp-posts-title\">Posts by category<\/h2>\n<ul class=\"wsp-posts-list\">\n\t<li><strong class=\"wsp-category-title\">Category: <a href=\"https:\/\/maisondupain.alsace\/en\/category\/uncategorized\/\">Uncategorized<\/a><\/strong>\n<ul class=\"wsp-posts-list\">\t\t<li class=\"wsp-post\"><a href=\"https:\/\/maisondupain.alsace\/en\/this-summer-get-your-hands-in-the-dough-at-la-maison-du-pain-2\/\">This Summer, Get Your Hands in the Dough at La Maison du Pain !<\/a><\/li>\n\t\t<li class=\"wsp-post\"><a href=\"https:\/\/maisondupain.alsace\/en\/this-summer-get-your-hands-in-the-dough-at-la-maison-du-pain\/\">~ Guided Tour \u201cUn Stuck d\u2019Histoire et de Gourmandise\u201d ~<\/a><\/li>\n\t\t<li class=\"wsp-post\"><a href=\"https:\/\/maisondupain.alsace\/en\/easter-stand-at-caveau-sainte-barbe\/\">Easter Stand at Caveau Sainte-Barbe<\/a><\/li>\n\t\t<li class=\"wsp-post\"><a href=\"https:\/\/maisondupain.alsace\/en\/mystery-and-easter-eggs-%f0%9f%95%b5%ef%b8%8f%e2%99%82%ef%b8%8f%f0%9f%a5%9a\/\">MYSTERY AND EASTER EGGS \ud83d\udd75\ufe0f\u200d\u2642\ufe0f\ud83e\udd5a<\/a><\/li>\n\t\t<li class=\"wsp-post\"><a href=\"https:\/\/maisondupain.alsace\/en\/elsass-easter-brunch\/\">Elsass Easter Brunch<\/a><\/li>\n\t\t<li class=\"wsp-post\"><a href=\"https:\/\/maisondupain.alsace\/en\/annual-leave\/\">~ Annual leave ~<\/a><\/li>\n\t\t<li class=\"wsp-post\"><a href=\"https:\/\/maisondupain.alsace\/en\/the-maison-du-pain-reopens-its-doors-on-february-6-2024\/\">The Maison du Pain reopens its doors on February 6, 2024 !<\/a><\/li>\n\t\t<li class=\"wsp-post\"><a href=\"https:\/\/maisondupain.alsace\/en\/tasteful-tours-at-the-museum-new\/\">TASTEFUL TOURS AT THE MUSEUM (New)<\/a><\/li>\n\t\t<li class=\"wsp-post\"><a href=\"https:\/\/maisondupain.alsace\/en\/enjoy-christmas-at-maison-du-pain-dalsace\/\">ENJOY CHRISTMAS AT &#8220;MAISON DU PAIN D&#8217;ALSACE&#8221;<\/a><\/li>\n\t\t<li class=\"wsp-post\"><a href=\"https:\/\/maisondupain.alsace\/en\/open-house-sunday-december-10-2023\/\">OPEN HOUSE Sunday, December 10, 2023<\/a><\/li>\n\t\t<li class=\"wsp-post\"><a href=\"https:\/\/maisondupain.alsace\/en\/2023\/\">2023<\/a><\/li>\n\t\t<li class=\"wsp-post\"><a href=\"https:\/\/maisondupain.alsace\/en\/le-fournil-de-noel-4\/\">LE FOURNIL DE NO\u00cbL<\/a><\/li>\n\t\t<li class=\"wsp-post\"><a href=\"https:\/\/maisondupain.alsace\/en\/notre-nouvelle-visite-guidee-gourmande-pour-les-groupes\/\">Notre nouvelle visite guid\u00e9e gourmande pour les groupes<\/a><\/li>\n\t\t<li class=\"wsp-post\"><a href=\"https:\/\/maisondupain.alsace\/en\/paques-le-sais-tu\/\">PAQUES &#8211; LE SAIS TU ?<\/a><\/li>\n\t\t<li class=\"wsp-post\"><a href=\"https:\/\/maisondupain.alsace\/en\/week-end-de-paques\/\">Week-end de P\u00e2ques<\/a><\/li>\n\t\t<li class=\"wsp-post\"><a href=\"https:\/\/maisondupain.alsace\/en\/voeux-2020\/\">V\u0153ux 2020<\/a><\/li>\n\t\t<li class=\"wsp-post\"><a href=\"https:\/\/maisondupain.alsace\/en\/les-galettes-des-rois\/\">Les galettes des rois<\/a><\/li>\n\t\t<li class=\"wsp-post\"><a href=\"https:\/\/maisondupain.alsace\/en\/le-pain-du-mois-de-decembre\/\">Le pain du mois de d\u00e9cembre<\/a><\/li>\n\t\t<li class=\"wsp-post\"><a href=\"https:\/\/maisondupain.alsace\/en\/le-fournil-de-noel-2\/\">Le fournil de No\u00ebl<\/a><\/li>\n<\/ul><\/li>\n<\/ul>\n<\/div><div class=\"wsp-container\"><\/div> &nbsp;<\/p>\n","protected":false},"author":1,"featured_media":0,"parent":0,"menu_order":0,"comment_status":"closed","ping_status":"closed","template":"","meta":{"_acf_changed":false,"_et_pb_use_builder":"on","_et_pb_old_content":"<ul><li><a href=\"http:\/\/maisondupain.org\/\">Accueil<\/a><\/li><li><a href=\"http:\/\/maisondupain.org\/musee\/\">Mus\u00e9e<\/a><\/li><li><a href=\"http:\/\/maisondupain.org\/fournil\/\">Fournil<\/a><\/li><li><a href=\"http:\/\/maisondupain.org\/preparer-sa-visite\/\">Pr\u00e9parer sa visite<\/a><\/li><li><a href=\"http:\/\/maisondupain.org\/category\/a-la-une\/\">A la Une<\/a><\/li><li><a href=\"http:\/\/maisondupain.org\/events\/\">Programme<\/a><\/li><li><a href=\"http:\/\/maisondupain.org\/infos-pratiques\/\">Nos horaires et tarifs<\/a><\/li><li><a href=\"http:\/\/maisondupain.org\/contact\/\">Contact<\/a><\/li><li><a href=\"http:\/\/maisondupain.org\/mentions-legales\/\">Mentions L\u00e9gales<\/a><\/li><li><a href=\"http:\/\/maisondupain.org\/plan-du-site\/\">Plan du site<\/a><\/li><\/ul>","_et_gb_content_width":"","footnotes":""},"class_list":["post-36037","page","type-page","status-publish","hentry"],"acf":[],"yoast_head":"<!-- This site is optimized with the Yoast SEO plugin v25.6 - https:\/\/yoast.com\/wordpress\/plugins\/seo\/ -->\n<title>Sitemap - Maison du Pain d&#039;Alsace<\/title>\n<meta name=\"robots\" content=\"index, follow, max-snippet:-1, max-image-preview:large, max-video-preview:-1\" \/>\n<link rel=\"canonical\" href=\"https:\/\/maisondupain.alsace\/en\/sitemap\/\" \/>\n<meta property=\"og:locale\" content=\"en_US\" \/>\n<meta property=\"og:type\" content=\"article\" \/>\n<meta property=\"og:title\" content=\"Sitemap - Maison du Pain d&#039;Alsace\" \/>\n<meta property=\"og:description\" content=\"&nbsp; &nbsp;\" \/>\n<meta property=\"og:url\" content=\"https:\/\/maisondupain.alsace\/en\/sitemap\/\" \/>\n<meta property=\"og:site_name\" content=\"Maison du Pain d&#039;Alsace\" \/>\n<meta property=\"article:modified_time\" content=\"2018-11-06T10:59:37+00:00\" \/>\n<meta name=\"twitter:card\" content=\"summary_large_image\" \/>\n<meta name=\"twitter:label1\" content=\"Est. reading time\" \/>\n\t<meta name=\"twitter:data1\" content=\"1 minute\" \/>\n<script type=\"application\/ld+json\" class=\"yoast-schema-graph\">{\"@context\":\"https:\/\/schema.org\",\"@graph\":[{\"@type\":\"WebPage\",\"@id\":\"https:\/\/maisondupain.alsace\/en\/sitemap\/\",\"url\":\"https:\/\/maisondupain.alsace\/en\/sitemap\/\",\"name\":\"Sitemap - Maison du Pain d&#039;Alsace\",\"isPartOf\":{\"@id\":\"https:\/\/maisondupain.alsace\/#website\"},\"datePublished\":\"2018-11-06T09:17:38+00:00\",\"dateModified\":\"2018-11-06T10:59:37+00:00\",\"breadcrumb\":{\"@id\":\"https:\/\/maisondupain.alsace\/en\/sitemap\/#breadcrumb\"},\"inLanguage\":\"en-US\",\"potentialAction\":[{\"@type\":\"ReadAction\",\"target\":[\"https:\/\/maisondupain.alsace\/en\/sitemap\/\"]}]},{\"@type\":\"BreadcrumbList\",\"@id\":\"https:\/\/maisondupain.alsace\/en\/sitemap\/#breadcrumb\",\"itemListElement\":[{\"@type\":\"ListItem\",\"position\":1,\"name\":\"Accueil\",\"item\":\"https:\/\/maisondupain.alsace\/en\/\"},{\"@type\":\"ListItem\",\"position\":2,\"name\":\"Sitemap\"}]},{\"@type\":\"WebSite\",\"@id\":\"https:\/\/maisondupain.alsace\/#website\",\"url\":\"https:\/\/maisondupain.alsace\/\",\"name\":\"Maison du Pain d&#039;Alsace\",\"description\":\"Mus\u00e9e et Fournil \u00e0 S\u00e9lestat, au centre de l&#039;Alsace\",\"potentialAction\":[{\"@type\":\"SearchAction\",\"target\":{\"@type\":\"EntryPoint\",\"urlTemplate\":\"https:\/\/maisondupain.alsace\/?s={search_term_string}\"},\"query-input\":{\"@type\":\"PropertyValueSpecification\",\"valueRequired\":true,\"valueName\":\"search_term_string\"}}],\"inLanguage\":\"en-US\"}]}<\/script>\n<!-- \/ Yoast SEO plugin. -->","yoast_head_json":{"title":"Sitemap - Maison du Pain d&#039;Alsace","robots":{"index":"index","follow":"follow","max-snippet":"max-snippet:-1","max-image-preview":"max-image-preview:large","max-video-preview":"max-video-preview:-1"},"canonical":"https:\/\/maisondupain.alsace\/en\/sitemap\/","og_locale":"en_US","og_type":"article","og_title":"Sitemap - Maison du Pain d&#039;Alsace","og_description":"&nbsp; &nbsp;","og_url":"https:\/\/maisondupain.alsace\/en\/sitemap\/","og_site_name":"Maison du Pain d&#039;Alsace","article_modified_time":"2018-11-06T10:59:37+00:00","twitter_card":"summary_large_image","twitter_misc":{"Est. reading time":"1 minute"},"schema":{"@context":"https:\/\/schema.org","@graph":[{"@type":"WebPage","@id":"https:\/\/maisondupain.alsace\/en\/sitemap\/","url":"https:\/\/maisondupain.alsace\/en\/sitemap\/","name":"Sitemap - Maison du Pain d&#039;Alsace","isPartOf":{"@id":"https:\/\/maisondupain.alsace\/#website"},"datePublished":"2018-11-06T09:17:38+00:00","dateModified":"2018-11-06T10:59:37+00:00","breadcrumb":{"@id":"https:\/\/maisondupain.alsace\/en\/sitemap\/#breadcrumb"},"inLanguage":"en-US","potentialAction":[{"@type":"ReadAction","target":["https:\/\/maisondupain.alsace\/en\/sitemap\/"]}]},{"@type":"BreadcrumbList","@id":"https:\/\/maisondupain.alsace\/en\/sitemap\/#breadcrumb","itemListElement":[{"@type":"ListItem","position":1,"name":"Accueil","item":"https:\/\/maisondupain.alsace\/en\/"},{"@type":"ListItem","position":2,"name":"Sitemap"}]},{"@type":"WebSite","@id":"https:\/\/maisondupain.alsace\/#website","url":"https:\/\/maisondupain.alsace\/","name":"Maison du Pain d&#039;Alsace","description":"Mus\u00e9e et Fournil \u00e0 S\u00e9lestat, au centre de l&#039;Alsace","potentialAction":[{"@type":"SearchAction","target":{"@type":"EntryPoint","urlTemplate":"https:\/\/maisondupain.alsace\/?s={search_term_string}"},"query-input":{"@type":"PropertyValueSpecification","valueRequired":true,"valueName":"search_term_string"}}],"inLanguage":"en-US"}]}},"jetpack_shortlink":"https:\/\/wp.me\/P9V72B-9nf","jetpack_sharing_enabled":true,"_links":{"self":[{"href":"https:\/\/maisondupain.alsace\/en\/wp-json\/wp\/v2\/pages\/36037","targetHints":{"allow":["GET"]}}],"collection":[{"href":"https:\/\/maisondupain.alsace\/en\/wp-json\/wp\/v2\/pages"}],"about":[{"href":"https:\/\/maisondupain.alsace\/en\/wp-json\/wp\/v2\/types\/page"}],"author":[{"embeddable":true,"href":"https:\/\/maisondupain.alsace\/en\/wp-json\/wp\/v2\/users\/1"}],"replies":[{"embeddable":true,"href":"https:\/\/maisondupain.alsace\/en\/wp-json\/wp\/v2\/comments?post=36037"}],"version-history":[{"count":0,"href":"https:\/\/maisondupain.alsace\/en\/wp-json\/wp\/v2\/pages\/36037\/revisions"}],"wp:attachment":[{"href":"https:\/\/maisondupain.alsace\/en\/wp-json\/wp\/v2\/media?parent=36037"}],"curies":[{"name":"wp","href":"https:\/\/api.w.org\/{rel}","templated":true}]}}