{"id":37651,"date":"2020-04-06T11:09:21","date_gmt":"2020-04-06T09:09:21","guid":{"rendered":"https:\/\/maisondupain.alsace\/?page_id=37651"},"modified":"2020-05-07T09:38:14","modified_gmt":"2020-05-07T07:38:14","slug":"test2","status":"publish","type":"page","link":"https:\/\/maisondupain.alsace\/en\/test2\/","title":{"rendered":"test2"},"content":{"rendered":"<p>[arrow_sf id=&#8217;29555&#8242;]<\/p>\n","protected":false},"excerpt":{"rendered":"<p>[arrow_sf id=&#8217;29555&#8242;]<\/p>\n","protected":false},"author":1,"featured_media":0,"parent":0,"menu_order":0,"comment_status":"closed","ping_status":"closed","template":"","meta":{"_acf_changed":false,"_et_pb_use_builder":"off","_et_pb_old_content":"","_et_gb_content_width":"","footnotes":""},"class_list":["post-37651","page","type-page","status-publish","hentry"],"acf":[],"yoast_head":"<!-- This site is optimized with the Yoast SEO plugin v25.6 - https:\/\/yoast.com\/wordpress\/plugins\/seo\/ -->\n<title>test2 - Maison du Pain d&#039;Alsace<\/title>\n<meta name=\"robots\" content=\"index, follow, max-snippet:-1, max-image-preview:large, max-video-preview:-1\" \/>\n<link rel=\"canonical\" href=\"https:\/\/maisondupain.alsace\/test2\/\" \/>\n<meta property=\"og:locale\" content=\"en_US\" \/>\n<meta property=\"og:type\" content=\"article\" \/>\n<meta property=\"og:title\" content=\"test2 - Maison du Pain d&#039;Alsace\" \/>\n<meta property=\"og:description\" content=\"[arrow_sf id=&#8217;29555&#8242;]\" \/>\n<meta property=\"og:url\" content=\"https:\/\/maisondupain.alsace\/test2\/\" \/>\n<meta property=\"og:site_name\" content=\"Maison du Pain d&#039;Alsace\" \/>\n<meta property=\"article:modified_time\" content=\"2020-05-07T07:38:14+00:00\" \/>\n<meta name=\"twitter:card\" content=\"summary_large_image\" \/>\n<script type=\"application\/ld+json\" class=\"yoast-schema-graph\">{\"@context\":\"https:\/\/schema.org\",\"@graph\":[{\"@type\":\"WebPage\",\"@id\":\"https:\/\/maisondupain.alsace\/test2\/\",\"url\":\"https:\/\/maisondupain.alsace\/test2\/\",\"name\":\"test2 - Maison du Pain d&#039;Alsace\",\"isPartOf\":{\"@id\":\"https:\/\/maisondupain.alsace\/#website\"},\"datePublished\":\"2020-04-06T09:09:21+00:00\",\"dateModified\":\"2020-05-07T07:38:14+00:00\",\"breadcrumb\":{\"@id\":\"https:\/\/maisondupain.alsace\/test2\/#breadcrumb\"},\"inLanguage\":\"en-US\",\"potentialAction\":[{\"@type\":\"ReadAction\",\"target\":[\"https:\/\/maisondupain.alsace\/test2\/\"]}]},{\"@type\":\"BreadcrumbList\",\"@id\":\"https:\/\/maisondupain.alsace\/test2\/#breadcrumb\",\"itemListElement\":[{\"@type\":\"ListItem\",\"position\":1,\"name\":\"Accueil\",\"item\":\"https:\/\/maisondupain.alsace\/en\/\"},{\"@type\":\"ListItem\",\"position\":2,\"name\":\"test2\"}]},{\"@type\":\"WebSite\",\"@id\":\"https:\/\/maisondupain.alsace\/#website\",\"url\":\"https:\/\/maisondupain.alsace\/\",\"name\":\"Maison du Pain d&#039;Alsace\",\"description\":\"Mus\u00e9e et Fournil \u00e0 S\u00e9lestat, au centre de l&#039;Alsace\",\"potentialAction\":[{\"@type\":\"SearchAction\",\"target\":{\"@type\":\"EntryPoint\",\"urlTemplate\":\"https:\/\/maisondupain.alsace\/?s={search_term_string}\"},\"query-input\":{\"@type\":\"PropertyValueSpecification\",\"valueRequired\":true,\"valueName\":\"search_term_string\"}}],\"inLanguage\":\"en-US\"}]}<\/script>\n<!-- \/ Yoast SEO plugin. -->","yoast_head_json":{"title":"test2 - Maison du Pain d&#039;Alsace","robots":{"index":"index","follow":"follow","max-snippet":"max-snippet:-1","max-image-preview":"max-image-preview:large","max-video-preview":"max-video-preview:-1"},"canonical":"https:\/\/maisondupain.alsace\/test2\/","og_locale":"en_US","og_type":"article","og_title":"test2 - Maison du Pain d&#039;Alsace","og_description":"[arrow_sf id=&#8217;29555&#8242;]","og_url":"https:\/\/maisondupain.alsace\/test2\/","og_site_name":"Maison du Pain d&#039;Alsace","article_modified_time":"2020-05-07T07:38:14+00:00","twitter_card":"summary_large_image","schema":{"@context":"https:\/\/schema.org","@graph":[{"@type":"WebPage","@id":"https:\/\/maisondupain.alsace\/test2\/","url":"https:\/\/maisondupain.alsace\/test2\/","name":"test2 - Maison du Pain d&#039;Alsace","isPartOf":{"@id":"https:\/\/maisondupain.alsace\/#website"},"datePublished":"2020-04-06T09:09:21+00:00","dateModified":"2020-05-07T07:38:14+00:00","breadcrumb":{"@id":"https:\/\/maisondupain.alsace\/test2\/#breadcrumb"},"inLanguage":"en-US","potentialAction":[{"@type":"ReadAction","target":["https:\/\/maisondupain.alsace\/test2\/"]}]},{"@type":"BreadcrumbList","@id":"https:\/\/maisondupain.alsace\/test2\/#breadcrumb","itemListElement":[{"@type":"ListItem","position":1,"name":"Accueil","item":"https:\/\/maisondupain.alsace\/en\/"},{"@type":"ListItem","position":2,"name":"test2"}]},{"@type":"WebSite","@id":"https:\/\/maisondupain.alsace\/#website","url":"https:\/\/maisondupain.alsace\/","name":"Maison du Pain d&#039;Alsace","description":"Mus\u00e9e et Fournil \u00e0 S\u00e9lestat, au centre de l&#039;Alsace","potentialAction":[{"@type":"SearchAction","target":{"@type":"EntryPoint","urlTemplate":"https:\/\/maisondupain.alsace\/?s={search_term_string}"},"query-input":{"@type":"PropertyValueSpecification","valueRequired":true,"valueName":"search_term_string"}}],"inLanguage":"en-US"}]}},"jetpack_shortlink":"https:\/\/wp.me\/P9V72B-9Nh","jetpack_sharing_enabled":true,"_links":{"self":[{"href":"https:\/\/maisondupain.alsace\/en\/wp-json\/wp\/v2\/pages\/37651","targetHints":{"allow":["GET"]}}],"collection":[{"href":"https:\/\/maisondupain.alsace\/en\/wp-json\/wp\/v2\/pages"}],"about":[{"href":"https:\/\/maisondupain.alsace\/en\/wp-json\/wp\/v2\/types\/page"}],"author":[{"embeddable":true,"href":"https:\/\/maisondupain.alsace\/en\/wp-json\/wp\/v2\/users\/1"}],"replies":[{"embeddable":true,"href":"https:\/\/maisondupain.alsace\/en\/wp-json\/wp\/v2\/comments?post=37651"}],"version-history":[{"count":0,"href":"https:\/\/maisondupain.alsace\/en\/wp-json\/wp\/v2\/pages\/37651\/revisions"}],"wp:attachment":[{"href":"https:\/\/maisondupain.alsace\/en\/wp-json\/wp\/v2\/media?parent=37651"}],"curies":[{"name":"wp","href":"https:\/\/api.w.org\/{rel}","templated":true}]}}